{"id":126,"date":"2014-05-05T20:13:05","date_gmt":"2014-05-05T18:13:05","guid":{"rendered":"http:\/\/pffft.fr\/wp3\/?page_id=126"},"modified":"2018-09-23T11:13:51","modified_gmt":"2018-09-23T09:13:51","slug":"les-agents-dormants-du-pft","status":"publish","type":"page","link":"http:\/\/pffft.fr\/wp3\/leparti\/les-agents-dormants-du-pft\/","title":{"rendered":"Les agents dormants du PFT"},"content":{"rendered":"<h3>Campagne municipale 2014<\/h3>\n<p><a href=\"http:\/\/pffft.fr\/wp3\/wp-content\/uploads\/2014\/05\/bulletin-gaspard-2.png\"><img loading=\"lazy\" decoding=\"async\" class=\"alignnone size-medium wp-image-132\" src=\"http:\/\/pffft.fr\/wp3\/wp-content\/uploads\/2014\/05\/bulletin-gaspard-2-259x300.png\" alt=\"bulletin gaspard 2\" width=\"259\" height=\"300\" srcset=\"http:\/\/pffft.fr\/wp3\/wp-content\/uploads\/2014\/05\/bulletin-gaspard-2-259x300.png 259w, http:\/\/pffft.fr\/wp3\/wp-content\/uploads\/2014\/05\/bulletin-gaspard-2.png 751w\" sizes=\"auto, (max-width: 259px) 100vw, 259px\" \/><\/a><\/p>\n<h3>Campagne pr\u00e9sidentielle 2012 &#8211; Le Shadow Cabinet<\/h3>\n<p>Le Shadow Cabinet du P.F.T. est\u00a0compos\u00e9 de ministres\u00a0et secr\u00e9taires des tas . Il s&rsquo;agit d&rsquo;une \u00e9quipe gouvernementale pr\u00eate \u00e0 remplacer le gouvernement au pied lev\u00e9 s&rsquo;il \u00e9tait amen\u00e9 \u00e0 tomber ou \u00e0 \u00eatre renvers\u00e9.<\/p>\n<p><a href=\"http:\/\/pffft.fr\/wp3\/wp-content\/uploads\/2014\/05\/Gaspard_Delanoe__son_gournement_\u00a9_2011_Nathalie_Seroux.jpg\"><img loading=\"lazy\" decoding=\"async\" class=\"alignnone size-medium wp-image-161\" src=\"http:\/\/pffft.fr\/wp3\/wp-content\/uploads\/2014\/05\/Gaspard_Delanoe__son_gournement_\u00a9_2011_Nathalie_Seroux-300x199.jpg\" alt=\"Gaspard_Delanoe_&amp;_son_gournement_\u00a9_2011_Nathalie_Seroux\" width=\"300\" height=\"199\" srcset=\"http:\/\/pffft.fr\/wp3\/wp-content\/uploads\/2014\/05\/Gaspard_Delanoe__son_gournement_\u00a9_2011_Nathalie_Seroux-300x199.jpg 300w, http:\/\/pffft.fr\/wp3\/wp-content\/uploads\/2014\/05\/Gaspard_Delanoe__son_gournement_\u00a9_2011_Nathalie_Seroux-1024x682.jpg 1024w, http:\/\/pffft.fr\/wp3\/wp-content\/uploads\/2014\/05\/Gaspard_Delanoe__son_gournement_\u00a9_2011_Nathalie_Seroux.jpg 1187w\" sizes=\"auto, (max-width: 300px) 100vw, 300px\" \/><\/a><\/p>\n<p>First Prime : Sa\u00efd Chaitou<\/p>\n<p>Ministre du Coucher utile, Ministre d\u00e9serteuse : Ga\u00eblle Bourges<br \/>\nSous-Secr\u00e9taire d&rsquo;\u00e9tat aux Homonymes : Thomas Clerc<br \/>\nMinistre de la Nuit : Laureen No\u00ebl<br \/>\nMinistre des Transports Amoureux et du rapprochement avec le Parlement : Alexandre Pessar<br \/>\nMinistre des Particules : Alexandre de Funel<br \/>\nMinistre de l&rsquo;Espace du Dedans : Victor-Victor<br \/>\nMinistre de la Corruption : Agn\u00e8s Bayou<br \/>\nSecr\u00e9taire d&rsquo;Etat aupr\u00e8s du ministre du Beau et du Laid : Syd X. Rey<br \/>\nMinistre des Personnes de Grande Taille : Lionel Forissier<br \/>\nMinistre des People: Yalda Younes<br \/>\nMinistre de l&rsquo;Esth\u00e9tique et des Soins Alternatifs : Yasmine Hamdan<br \/>\nMinistre de la Dext\u00e9rit\u00e9 Labiaire et Plantaire: Charlotte Boisson,<br \/>\nMinistres des Nistres : Aline Steiner<br \/>\nMinistre de l&rsquo;Ouverture des Portes : Guillaume Corentin<br \/>\nMinistre des Relations avec Miss France : Jean-Marie Bourguet<br \/>\nMinistre des Relations Franco-Italiennes : Raffaela Tatangelo<br \/>\nMinistre D\u00e9sarmant : Andr\u00e9-Charles Idier<br \/>\nMinistre des Domaines Priv\u00e9s : S\u00e9bastien Lecca<br \/>\nMinistre des Langues avec Secr\u00e9tariats d&rsquo;Etat aux Langues de Bois, Langues de Vip\u00e8re et Langue d&rsquo; Oc (Roussillon ): Natalie Taraud Maroun<br \/>\nMinistre de l&rsquo;Emigration et de l&rsquo;Identit\u00e9 Transnationale : Emilie Cappella<br \/>\nMinistre de la Culture pour les Gens Ordinaires : M\u00e9lina Chenu<br \/>\nMinistre de la Communication Non-Violente : Claire Farah<br \/>\nMinistre des Noires : Charlotte de Pastourelle<br \/>\nMinist\u00e8re Amer : R\u00e9mi Veyret<br \/>\nMinistre de la Pr\u00e9vision Apocalyptique : Eddie Andras de Marcy<br \/>\nMinistre du Rien : Joy Buckley<br \/>\nMinistre de la Finction Publique : Filippo Fricca Ricca<br \/>\nMinistre de la Culture de Parti-Pris : Sabrina Weldman<br \/>\nSecr\u00e9taire d&rsquo;Etat \u00e0 la Langue de Bois : Matthieu Delmestre<br \/>\nMinistre des Vacances : Benjamin Lemaire Jr<br \/>\nMinistre de la Censure : Cyril Cavali\u00e9<br \/>\nMinist\u00e8re du Vaudou: Julien Santi-Rocca<br \/>\nMinistre de la Lune et des Etoiles: Jules Bradel<br \/>\nMinistre du Go\u00fbter et de la Patisserie Ornementale: Laurianne Ramone<br \/>\nMinistre des Choses Oubli\u00e9es: Victoria Holly Frances Scott<br \/>\nMinistre des Temps \u00e0 Venir : William Berrebi<br \/>\nMinistre du Rire Fou : N\u00e9a A.<br \/>\nMinistre de l&rsquo;Espoir Malgr\u00e9 Tout : Simone Bitton<br \/>\nPorte-Parole des Feuilles Mortes sous la Tutelle du minist\u00e8re du Temps Perdu : Hedi Man<br \/>\nMinistre du Madagaspar: Suisse Marocain<br \/>\nMinistre des Colonies : Mamella Panderson<br \/>\nMinistre de la D\u00e9fense, mais de quoi ? : Olga Kisseleva<br \/>\nMinistre de la Tendresse et des Couleurs : Natacha Zuber<br \/>\nMinistre en Marge: Marianne Chargois<br \/>\nMinistre du Droit des P\u00e9licans: Etelle Higonnet<br \/>\nMinistre de Ce Que Les Gens Pensent Tout Bas: Romain Lange<br \/>\nMinistre du Bon Esprit : Nathalie Seroux<br \/>\nMinistre en Marge: Marianne Chargois<br \/>\nMinistre de l&rsquo;Ind\u00e9cision : Olivier Chesnoy<br \/>\nMinistre de la prise en main des choses une bonne fois pour toutes : Aliocha<br \/>\nMinistre de la Derni\u00e8re Minute : Marie Peixinho-Vermelho<br \/>\nMinistre dit \u00ab\u00a0cumulard\u00a0\u00bb de l&rsquo;Injustice \/ des Chapeliers \/ des Fils et Filles De \/ des Peines Perdues &amp; Secr\u00e9taire d&rsquo;\u00c9tat aux Relations avec les Paradis Fiscaux : G\u00e9rome Barry<\/p>\n<p>Dernier Ministre : Jean-Marie Bourguet<\/p>\n<p><iframe loading=\"lazy\" src=\"\/\/player.vimeo.com\/video\/20957963\" width=\"500\" height=\"283\" frameborder=\"0\" allowfullscreen=\"allowfullscreen\"><\/iframe><\/p>\n","protected":false},"excerpt":{"rendered":"<p>Campagne municipale 2014 Campagne pr\u00e9sidentielle 2012 &#8211; Le Shadow Cabinet Le Shadow Cabinet du P.F.T. est\u00a0compos\u00e9 de ministres\u00a0et secr\u00e9taires des tas . Il s&rsquo;agit d&rsquo;une \u00e9quipe gouvernementale pr\u00eate \u00e0 remplacer le gouvernement au pied lev\u00e9 s&rsquo;il \u00e9tait amen\u00e9 \u00e0 tomber ou \u00e0 \u00eatre renvers\u00e9. First Prime : Sa\u00efd Chaitou Ministre du Coucher utile, Ministre d\u00e9serteuse &hellip; <a href=\"http:\/\/pffft.fr\/wp3\/leparti\/les-agents-dormants-du-pft\/\" class=\"more-link\">Continuer la lecture de <span class=\"screen-reader-text\">Les agents dormants du PFT<\/span> <span class=\"meta-nav\">&rarr;<\/span><\/a><\/p>\n","protected":false},"author":1,"featured_media":0,"parent":44,"menu_order":1,"comment_status":"open","ping_status":"open","template":"","meta":{"footnotes":""},"class_list":["post-126","page","type-page","status-publish","hentry"],"_links":{"self":[{"href":"http:\/\/pffft.fr\/wp3\/wp-json\/wp\/v2\/pages\/126","targetHints":{"allow":["GET"]}}],"collection":[{"href":"http:\/\/pffft.fr\/wp3\/wp-json\/wp\/v2\/pages"}],"about":[{"href":"http:\/\/pffft.fr\/wp3\/wp-json\/wp\/v2\/types\/page"}],"author":[{"embeddable":true,"href":"http:\/\/pffft.fr\/wp3\/wp-json\/wp\/v2\/users\/1"}],"replies":[{"embeddable":true,"href":"http:\/\/pffft.fr\/wp3\/wp-json\/wp\/v2\/comments?post=126"}],"version-history":[{"count":14,"href":"http:\/\/pffft.fr\/wp3\/wp-json\/wp\/v2\/pages\/126\/revisions"}],"predecessor-version":[{"id":349,"href":"http:\/\/pffft.fr\/wp3\/wp-json\/wp\/v2\/pages\/126\/revisions\/349"}],"up":[{"embeddable":true,"href":"http:\/\/pffft.fr\/wp3\/wp-json\/wp\/v2\/pages\/44"}],"wp:attachment":[{"href":"http:\/\/pffft.fr\/wp3\/wp-json\/wp\/v2\/media?parent=126"}],"curies":[{"name":"wp","href":"https:\/\/api.w.org\/{rel}","templated":true}]}}