{"id":14,"date":"2014-05-04T18:43:26","date_gmt":"2014-05-04T16:43:26","guid":{"rendered":"http:\/\/pffft.fr\/wp3\/?page_id=14"},"modified":"2017-05-17T02:10:14","modified_gmt":"2017-05-17T00:10:14","slug":"je-donne","status":"publish","type":"page","link":"http:\/\/pffft.fr\/wp3\/je-donne\/","title":{"rendered":"Je donne"},"content":{"rendered":"<p>Soutenez la campagne \u00e9lectorale du PFT pour les \u00e9lections l\u00e9gislatives\u00a0du 11\u00a0juin 2017 ! Nous avons besoin de vos dons pour financer l&rsquo;impression des bulletins de vote et des affiches de campagne !<\/p>\n<p>Envoyez votre don, soit par ch\u00e8que, soit par virement bancaire (instructions d\u00e9taill\u00e9es dans le formulaire ci-dessous).<\/p>\n<p>Dans les deux cas, vous devez compl\u00e9ter et signer le formulaire suivant (rayez la mention ne correspondant pas \u00e0 votre mode de paiement). Il est disponible en deux formats :<\/p>\n<ul>\n<li>soit au format PDF, \u00e0 imprimer puis \u00e0 remplir au stylo<\/li>\n<li>soit au format Microsoft Office \u00e0 remplir directement dans le document.<\/li>\n<\/ul>\n<p>Envoyez-le ensuite par la poste au mandataire financier indiqu\u00e9 dans le formulaire.<\/p>\n<p>En retour le re\u00e7u (\u00e9dit\u00e9 par la CNCCFP) qui vous sera adress\u00e9 par le mandataire financier vous permettra de d\u00e9duire cette somme de vos imp\u00f4ts dans les limites fix\u00e9es par la loi.<\/p>\n<p>Conform\u00e9ment \u00e0 l\u2019article L 52\u20138 du code \u00e9lectoral, il nous est interdit d&rsquo;accepter les dons en ligne via PayPal (ou tout syst\u00e8me similaire).<\/p>\n","protected":false},"excerpt":{"rendered":"<p>Soutenez la campagne \u00e9lectorale du PFT pour les \u00e9lections l\u00e9gislatives\u00a0du 11\u00a0juin 2017 ! Nous avons besoin de vos dons pour financer l&rsquo;impression des bulletins de vote et des affiches de campagne ! Envoyez votre don, soit par ch\u00e8que, soit par virement bancaire (instructions d\u00e9taill\u00e9es dans le formulaire ci-dessous). Dans les deux cas, vous devez compl\u00e9ter &hellip; <a href=\"http:\/\/pffft.fr\/wp3\/je-donne\/\" class=\"more-link\">Continuer la lecture de <span class=\"screen-reader-text\">Je donne<\/span> <span class=\"meta-nav\">&rarr;<\/span><\/a><\/p>\n","protected":false},"author":1,"featured_media":0,"parent":0,"menu_order":7,"comment_status":"open","ping_status":"open","template":"","meta":{"footnotes":""},"class_list":["post-14","page","type-page","status-publish","hentry"],"_links":{"self":[{"href":"http:\/\/pffft.fr\/wp3\/wp-json\/wp\/v2\/pages\/14","targetHints":{"allow":["GET"]}}],"collection":[{"href":"http:\/\/pffft.fr\/wp3\/wp-json\/wp\/v2\/pages"}],"about":[{"href":"http:\/\/pffft.fr\/wp3\/wp-json\/wp\/v2\/types\/page"}],"author":[{"embeddable":true,"href":"http:\/\/pffft.fr\/wp3\/wp-json\/wp\/v2\/users\/1"}],"replies":[{"embeddable":true,"href":"http:\/\/pffft.fr\/wp3\/wp-json\/wp\/v2\/comments?post=14"}],"version-history":[{"count":24,"href":"http:\/\/pffft.fr\/wp3\/wp-json\/wp\/v2\/pages\/14\/revisions"}],"predecessor-version":[{"id":339,"href":"http:\/\/pffft.fr\/wp3\/wp-json\/wp\/v2\/pages\/14\/revisions\/339"}],"wp:attachment":[{"href":"http:\/\/pffft.fr\/wp3\/wp-json\/wp\/v2\/media?parent=14"}],"curies":[{"name":"wp","href":"https:\/\/api.w.org\/{rel}","templated":true}]}}