{"id":140,"date":"2014-05-05T20:40:12","date_gmt":"2014-05-05T18:40:12","guid":{"rendered":"http:\/\/pffft.fr\/wp3\/?page_id=140"},"modified":"2014-05-06T12:44:24","modified_gmt":"2014-05-06T10:44:24","slug":"le-programme-des-elections-municipales-2008","status":"publish","type":"page","link":"http:\/\/pffft.fr\/wp3\/programme\/le-programme-des-elections-municipales-2008\/","title":{"rendered":"Municipales 2008"},"content":{"rendered":"<h3>Liste \u00ab\u00a0VOTEZ GASPARD DELANO\u00cb , LE VRAI DELANO\u00cb\u00a0\u00bb<\/h3>\n<ol>\n<li>\u00a0Augmentation de 100 % des imp\u00f4ts locaux ( afin de financer la construction de logements sociaux .)<\/li>\n<li>Inauguration de la ligne \u00ab Saint-Lazare \u2013 Gare de Lyon \u00bb en montgolfi\u00e8re et d\u00e9veloppement rapide du r\u00e9seau Montgolfi\u00e8re sur Paris .<\/li>\n<li>Transformation du funiculaire de Montmartre en tire-fesses et instauration de Paris-Schuss l\u2019hiver sur la Butte, pendant de Paris-Plage l\u2019\u00e9t\u00e9 sur les berges.<\/li>\n<li>Construction de stations de parking U.L.M. dans le ciel \u00e0 usage priv\u00e9.<\/li>\n<li>Destruction du Vieux Paris remplac\u00e9 par de magnifiques buildings design-\u00e9s par Rem Koolhaas, Jean Nouvel et Philippe Starck.<\/li>\n<li>Obligation pour tous les commerces de rester ouverts 7 jours sur 7, 24 H sur 24 : cr\u00e9ation de 3 millions d\u2019emplois intra-muros d\u00e8s la premi\u00e8re semaine de la mandature.<\/li>\n<li>Assainissement d\u00e9finitif de la Seine afin que l\u2019on puisse non seulement s\u2019y baigner, mais \u00e9galement la boire : la Seine deviendra le \u00ab Premier Fleuve d\u2019eau min\u00e9rale du monde \u00bb.<\/li>\n<li>Requalification de la Petite ceinture en promenade publique, bucolique et alcoolique : installation de nombreux bars le long de la voie ferr\u00e9e ainsi que de salles de concert le soir\u00a0et mise en circulation d\u2019un Train fant\u00f4me \u00e0 partir de minuit.<\/li>\n<li>Acc\u00e8s libre toute la nuit aux cimeti\u00e8res de Paris afin de r\u00e9tablir un dialogue gagnant-gagnant entre les morts et les vivants.<\/li>\n<li>Plut\u00f4t que \u00ab d\u2019envisager \u00bb le Grand Paris, passer tout de suite au Tr\u00e8s Grand Paris qui recouvrira l\u2019ensemble du Territoire fran\u00e7ais et mettra fin au r\u00e8gne m\u00e9diocre des baronnies de province.<\/li>\n<li>Annexion imm\u00e9diate de Neuilly \u00e0 Paris.<\/li>\n<li>Organisation quand m\u00eame des Jeux Olympiques 2012 \u00e0 Paris et ce, d\u00e8s 2011, afin de couper l \u2018herbe sous le pied \u00e0 ces c\u2026\u2026s de Londoniens.<\/li>\n<li>Mesure environnementale et bio\u00e9thique : \u00e0 l\u2019instar des centaines de containers verts dans lesquels on peut recycler les bouteilles vides, installation de centaines de containers marrons dans lesquels on recyclera les crottes de chiens, ce qui permettra de fabriquer \u00e0 bas prix de l\u2019engrais \u00e9cologique pour les pelouses parisiennes.<\/li>\n<li>R\u00e9introduction de l\u2019ours slov\u00e8ne dans la for\u00eat du Jardin du Luxembourg ainsi que du loup des steppes dans les bois du Parc Monceau afin de r\u00e9tablir la biodiversit\u00e9 dont Paris manque cruellement.<\/li>\n<li>Destruction du Sacr\u00e9 C\u0153ur, symbole du massacre de la Commune de Paris et construction \u00e0 sa place du Grand Phare de Paris qui permettra \u00e0 tous les parisiens \u00e9chou\u00e9s de disposer d\u2019un rep\u00e8re dans la nuit.<\/li>\n<li>Engloutissement de l\u2019\u00eele de la Jatte et d\u00e9ploiement d\u2019un vaste parc \u00e0 p\u00e9niches sociales.\u00a0Afin que les pauvres puissent flotter.<\/li>\n<li>Elargir \u00e0 l\u2019ensemble des arrondissements la proposition qu\u2019avait lanc\u00e9e Jean Tib\u00e9ri dans le 5\u00e8me arrondissement : accorder le droit de vote aux d\u00e9c\u00e9d\u00e9s car, premi\u00e8re, deuxi\u00e8me, troisi\u00e8me g\u00e9n\u00e9ration, nous sommes tous des enfants de d\u00e9c\u00e9d\u00e9s.<\/li>\n<li>Paris compte actuellement 30 000 cam\u00e9ras de surveillance publiques contre 67 000 \u00e0 Londres . Il s\u2019agit de passer tr\u00e8s rapidement \u00e0 700 000 cam\u00e9ras de surveillance de mani\u00e8re \u00e0 parvenir au ratio de 130 cam\u00e9ras par rue et d\u2019atteindre l\u2019objectif D\u00e9linquance Z\u00e9ro, voire D\u00e9linquance Moins Un (si possible).<\/li>\n<li>Destruction de la Tour Montparnasse en hommage \u00e0 Jacques Chirac qui avait d\u00e9clar\u00e9 \u00ab J\u2019adore monter \u00e0 la Tour Montparnasse, c\u2019est le seul endroit de Paris d\u2019o\u00f9 l\u2019on n\u2019aper\u00e7oive pas la Tour Montparnasse\u00a0\u00bb. A sa place, construction d\u2019une piscine olympique afin que Laure Manaudou puisse s\u2019entra\u00eener tranquillement.<\/li>\n<li>Installation de 1500 stations Dromalib\u2019, service de location de dromadaires.<\/li>\n<li>Entre les couloirs de bus et les pistes cyclables, am\u00e9nagement d\u2019un couloir de la mort pour ceux qui sont au bout du rouleau.<\/li>\n<li>Destruction du 5, cour des Petites Ecuries .<\/li>\n<li>Changement de couleur de tous les bancs de Paris : le rose fuchsia remplacera cet immonde vert bouteille.<\/li>\n<li>Obligation pour tous les tabacs de faire \u00e9galement cr\u00e8che\u00a0(cr\u00e9ation d\u2019une Mission de r\u00e9flexion sur les concepts de cr\u00e8che-fourri\u00e8re,cr\u00e8che-vide-grenier, cr\u00e8che-Bougez-avec-la-Poste, cr\u00e8che-encombrants, cr\u00e8che-Monoprix, etc. )<\/li>\n<li>Remise de la m\u00e9daille de la Ville de Paris \u00e0 Vladimir Poutine \u00ab pour l\u2019ensemble de son \u0153uvre \u00bb .<\/li>\n<li>R\u00e9introduction de 2000 pousse-pousse dans Paris et construction de 130 kilom\u00e8tres de voies pousse-pousse doubl\u00e9e d\u2019un arrivage de tireurs de pousse-pousse en provenance du Bengale, du Bhoutan et du Bangladesh.<\/li>\n<li>Eradication progressive par compression de tous les taxis qui auront \u00e9t\u00e9 pr\u00e9alablement recens\u00e9s comme bruyants, homophobes, polluants, racistes et qui puent.<\/li>\n<li>R\u00e9ouverture dans la nuit m\u00eame de mon \u00e9lection de toutes les maisons closes de Paris, qui seront d\u00e9clar\u00e9es d\u2019utilit\u00e9 publique.<\/li>\n<li>Le parvis Notre Dame qui a r\u00e9cemment \u00e9t\u00e9 rebaptis\u00e9 place Jean-Paul 2 sera re-rebaptis\u00e9 place Zin\u00e9dine Zidane et sera r\u00e9am\u00e9nag\u00e9 en centre d\u2019entra\u00eenement du Paris-Saint-Germain.<\/li>\n<li>Dans tous les AP-HP ( Assistance Publique \u2013 H\u00f4pitaux de Paris), interdiction d\u2019utiliser le mot \u00ab euthanasie \u00bb qui ne recevra jamais l\u2019assentiment du public parce qu\u2019\u00e9tant phon\u00e9tiquement trop proche de \u00ab \u00e9tat nazi \u00bb et \u00e0 sa place, utilisation de l\u2019expression \u00ab Raccompagnement vers la sortie \u00bb avec relecture assist\u00e9e de la Soci\u00e9t\u00e9 du Spectacle de Guy Debord juste avant la mort .<\/li>\n<li>Destruction du Forum des Halles, vieux, d\u00e9suet et ringard ; et construction \u00e0 sa place d\u2019une centrale nucl\u00e9aire qui permettra \u00e0 Paris de se doter d\u2019une capacit\u00e9 \u00e9nerg\u00e9tique \u00e0 vocation mondiale.<\/li>\n<li>Instauration du cybervote mondialis\u00e9 : Paris ne peut plus \u00eatre une \u00e9lection locale o\u00f9 seuls les parisiens ont le droit de s\u2019exprimer ; c\u2019est pourquoi les citoyens du monde entier , y compris les Indon\u00e9siens, les Maliens et les P\u00e9ruviens auront, par Internet, le droit de vote . Naissance du v\u00e9ritable suffrage universel. Le maire ainsi \u00e9lu par le monde entier jouira d\u2019une l\u00e9gitimit\u00e9 qui lui permettra d\u2019appliquer ses r\u00e9formes plus facilement.<\/li>\n<li>Mise \u00e0 pied du fran\u00e7ais et instauration de l\u2019anglais, langue officielle avec apprentissage obligatoire du Wall Street English dans toutes les cr\u00e8ches.<\/li>\n<li>Apprentissage par c\u0153ur de ce qui deviendra le slogan de la Ville de Paris : You Snooze, You lose. ( Traduction en fran\u00e7ais : \u00ab Si tu roupilles, t\u2019es une merde. \u00bb)<\/li>\n<li>Apr\u00e8s la Rive Droite et la Rive Gauche, instauration par d\u00e9cret d\u2019une rive Trans\u2019 qui sera situ\u00e9e sur l\u2019\u00eele de la Cit\u00e9 et o\u00f9 vivront les adh\u00e9rents du MoDem. Parce que les vrais centristes sont transsexuels.<\/li>\n<li>Mise en place de la Prison Equitable qui permettra \u00e0 tous les parisiens d\u2019\u00e9changer un peu de leur temps libre (une demi-heure par ci, une demi-heure par l\u00e0) contre du temps emprisonn\u00e9 et donnera ainsi la possibilit\u00e9 \u00e0 des incarc\u00e9r\u00e9s de se r\u00e9ins\u00e9rer \u00e0 petites doses. Concept limit\u00e9 aux prisons de Paris.<\/li>\n<li>Destruction de l\u2019Op\u00e9ra Bastille mal fichu, en lambeaux et impopulaire et reconstruction \u00e0 sa place de la prison de la Bastille. Des stages et des formations de r\u00e9volutionnaires pr\u00eats \u00e0 reprendre la Bastille seront propos\u00e9s \u00e0 tous les \u00e9r\u00e8mistes, ch\u00f4meurs et vacants.<\/li>\n<li>Les personnes qui auront \u00e9t\u00e9 surprises en train de fumer dans un lieu public apr\u00e8s le 1er f\u00e9vrier 2008 \u2013 date \u00e0 laquelle la loi entrera en vigueur- seront ex\u00e9cut\u00e9es.<\/li>\n<li>Afin que Paris intra-muros conserve son dynamisme, sa fra\u00eecheur et son potentiel innovant, les personnes \u00e2g\u00e9es de plus de 55 ans seront invit\u00e9es \u00e0 aller vivre \u00e0 Paris extra-muros. En banlieue, quoi.<\/li>\n<li>L\u2019accouplement en plein air sera \u00e0 nouveau autoris\u00e9 ( rappelons qu\u2019il avait \u00e9t\u00e9 interdit apr\u00e8s qu\u2019un homme ait \u00e9t\u00e9 chass\u00e9 d\u2019un Jardin) \u00e0 condition d\u2019\u00eatre pratiqu\u00e9 dans l\u2019espoir de procr\u00e9er.<\/li>\n<li>Cr\u00e9ation au sein de la Mairie de Paris d\u2019un Secr\u00e9tariat aux D\u00e9marches Inqui\u00e9tantes\u00a0qui sera charg\u00e9, dans un premier temps, de d\u00e9terminer exactement ce qu\u2019est une D\u00e9marche Inqui\u00e9tante, puis de les r\u00e9pertorier et enfin d\u2019\u00e9tablir un Plan de Pr\u00e9vention des D\u00e9marches Inqui\u00e9tantes afin d\u2019emp\u00eacher la multiplication dans Paris des D\u00e9marches Inqui\u00e9tantes.<\/li>\n<li>Instauration d\u2019un nouveau calendrier sp\u00e9cifiquement parisien. Ce calendrier s\u2019intitulera \u00ab Colour Days \u00bb : chaque jour du mois sera associ\u00e9 \u00e0 une couleur, lundi rouge fonc\u00e9, mardi vert clair, mercredi bleu turquoise, etc\u2026et les parisiens seront pri\u00e9s de s\u2019habiller conform\u00e9ment \u00e0 la couleur en vigueur afin que les jours du mois soient facilement identifiables par les analphab\u00e8tes.<\/li>\n<li>Possibilit\u00e9 pour tous les \u00eatres en difficult\u00e9 de devenir bouclier humain professionnel gr\u00e2ce \u00e0 un stage de formation gratuit d\u00e9livr\u00e9 par des experts. Seront consid\u00e9r\u00e9s comme \u00eatres en difficult\u00e9 tous ceux qui \u00e9prouvent des difficult\u00e9s \u00e0 \u00eatre.<\/li>\n<li>Toute personne qui aura foul\u00e9 la terre sacr\u00e9e de France sera r\u00e9gularis\u00e9e.<\/li>\n<li>Abaissement de l\u2019\u00e2ge l\u00e9gal du droit de vote et d\u2019\u00e9ligibilit\u00e9 \u2013actuellement fix\u00e9 \u00e0 18 ans-\u00a0\u00e0 3 ans, c\u2019est-\u00e0-dire l\u2019\u00e2ge auquel tout enfant est en mesure de prononcer la phrase : \u00ab Je vote Gaspard Delano\u00eb \u00bb.<\/li>\n<li>Agrandissement de la fameuse statue de Jeanne Mas actuellement sise Place du Caire, dans le 2\u00e8me arrondissement.<\/li>\n<li>Lancement en grande pompe du chantier de l\u2019APT qui permettra d\u2019encourager les rapports franco-japonais. ( APT : Autoroute Paris-Tokyo)<\/li>\n<li>R\u00e9quisition de tous les terrains vagues de Paris qui seront transform\u00e9s en Z.T.B. ( Zones Temporaires de Biodiversit\u00e9) dans lesquelles pourront vivre et coexister pacifiquement des abeilles, des rats, des moustiques, des insectes, des rats-volants (pigeons), des papillons et des vers de terre et ce, en symbiose totale avec la d\u00e9claration Universelle des Droits de l\u2019Animal de Paris .<\/li>\n<li>R\u00e9tablissement du service militaire obligatoire, y compris pour les femmes et les enfants de mani\u00e8re de parer \u00e0 l\u2019attaque de P\u00e9kin qui, rappelons-le, \u00e0 pr\u00e9vu d\u2019envahir Paris courant avril 2008 ( note des RG).<\/li>\n<li>Le vieux blason de Paris sera retoqu\u00e9. L\u2019actuel rafiot sans \u00e2ge que l\u2019on peut apercevoir sur les blasons sera remplac\u00e9 par un bateau-mouche pimpant. Quant \u00e0 la devise Fluctuat nec mergitur, elle sera remplac\u00e9e par Groupum, omni devenem possiblum.<\/li>\n<li>Paris, comme toute grande capitale se dotera enfin d\u2019un animal totem ou mascotte, en l\u2019occurrence le blue-footed boobie, oiseau des Galapagos en voie de disparition. Des T-shirts \u00ab Save the boobies \u00bb seront distribu\u00e9s par la Mairie de Paris \u00e0 toutes les personnes m\u00e9ritantes.<\/li>\n<li>Installation imm\u00e9diate de 3500 stations C\u00e9lib\u2019. Chaque station C\u00e9lib\u2019 sera dot\u00e9e de huit bornes auxquelles seront attach\u00e9s des c\u00e9libataires. Premi\u00e8re demi-heure d\u2019utilisation gratuite.<\/li>\n<li>Destruction de l\u2019immeuble situ\u00e9 au-dessus du Monoprix de Marx Dormoy ( 18\u00e8me), afin qu\u2019Alice Clooney \u2013 une amie qui habite en face \u2013 jouisse de plus de lumi\u00e8re, le soir, dans son salon.<\/li>\n<li>Organisation de la premi\u00e8re Journ\u00e9e \u00ab Moteurs : Coupez ! \u00bb , journ\u00e9e au cours de laquelle tous les engins motoris\u00e9s auront l\u2019interdiction formelle de p\u00e9n\u00e9trer dans Paris et ce, afin que les parisiennes et les parisiens aient l\u2019occasion, une fois par an, de respirer. Les contrevenants seront arr\u00eat\u00e9s et conduits en prison sans passer par la case d\u00e9part, sans toucher les 4000 francs, et seront emmen\u00e9s en cellule de d\u00e9grisement jusqu\u2019\u00e0 leur proc\u00e8s.<\/li>\n<li>Organisation, chaque 17 mars, sur la pelouse des Invalides d\u2019une gigantesque f\u00eate de la d\u00e9normalisation sur r\u00e9seau d\u2019une th\u00e9orie quantique des champs, non pertubatrice, \u00e0 temp\u00e9rature fra\u00eeche \u00e0 mod\u00e9r\u00e9e sur le c\u00f4ne de lumi\u00e8re, \u00e0 l\u2019exclusion de toute autre, auxquels se joindront \u00e0 titre conservatoire les op\u00e9rateurs auto-adjoints (titulaires et contractuels), les membres du premier groupe d\u2019homologie et ceux du groupe de Suzuki sporadique.<\/li>\n<li>Instauration d\u2019un nouvel \u00e9v\u00e9nement culturel intitul\u00e9 \u00ab Nuit Noire \u00bb, nuit au cours de laquelle le courant sera tout simplement d\u00e9branch\u00e9 dans tout Paris, ce qui permettra \u00e0 tous d\u2019imaginer ce qu\u2019\u00e9tait la nuit \u00e0 Paris au 12\u00e8me si\u00e8cle. Instructif et rigolo.<\/li>\n<li>Suppression pure et simple de l\u2019h\u00e9ritage (sauf en cas de mort subite) de mani\u00e8re \u00e0 rendre la soci\u00e9t\u00e9 plus \u00e9galitaire et \u00e0 r\u00e9duire le pouvoir des vieux.<\/li>\n<li>Le salaire du maire de Paris, actuellement tr\u00e8s faible, sera r\u00e9\u00e9valu\u00e9 de 141 % .<\/li>\n<li>Une cellule se soutien psychologique sera propos\u00e9e \u00e0 tous les abonn\u00e9s du Paris Saint-Germain.<\/li>\n<li>Afin de lutter contre le dopage, le prochain tour de France aura lieu uniquement dans le 15\u00e8me arrondissement.<\/li>\n<li>La statue du zouave du pont de l\u2019Alma, \u00e9rod\u00e9e, d\u00e9lav\u00e9e, sera remplac\u00e9e par une statue du commandant Cousteau en tenue de plong\u00e9e.<\/li>\n<li>Un concours de po\u00e9sie sera lanc\u00e9 dans toutes les mairies d\u2019arrondissement afin de changer le nom des \u00ab abri-bus \u00bb car il est bien \u00e9vident qu\u2019aucun bus ne peut s\u2019abriter l\u00e0-dessous.<\/li>\n<li>La Pauvret\u00e9 sera rajeunie, urbanis\u00e9e, concentr\u00e9e, en un mot elle sera plus visible, ce qui la rendra plus attractive, plus s\u00e9duisante.<\/li>\n<li>Prolongement du boulevard Saint-Michel jusqu\u2019\u00e0 la mer.<\/li>\n<li>Cr\u00e9ation de 25 emplois fictifs dans le domaine du Conseil.<\/li>\n<li>Op\u00e9ration \u00ab Le Tour de La Tour \u00bb. La Tour Eiffel, scintillante et brillant de mille feux, effectuera un minutieux tour de France afin d\u2019\u00e9clairer un peu la Province, plong\u00e9e dans l\u2019obscurit\u00e9 depuis plusieurs si\u00e8cles. Premi\u00e8re ville-\u00e9tape : Angers.<\/li>\n<li>Le d\u00e9lit de tapage nocturne ne sera d\u00e9sormais constitu\u00e9 qu\u2019entre 2 H et 6 H du matin, ce qui permettra \u00e0 l\u2019audience des \u00e9missions de t\u00e9l\u00e9vision de nuit de remonter sensiblement. ( De plus, si l\u2019on souhaite vraiment \u00eatre comp\u00e9titifs, il faut arr\u00eater de dormir 10 heures par nuit ; 4 heures doivent suffire.)<\/li>\n<li>Le vote sera d\u00e9cr\u00e9t\u00e9 obligatoire, comme en Belgique. Tous les contrevenants devront payer une amende de 150 euros, ce qui, vu le nombre d\u2019abstentionnistes, permettra de combler le trou de la S\u00e9cu.<\/li>\n<li>Tous les observateurs le savent, les journalistes le redoutent : il ne se passe jamais rien le 30 novembre.\u00a0Organisation de la premi\u00e8re Journ\u00e9e Mondiale Contre le 30 novembre. Cette journ\u00e9e sera organis\u00e9e le 16 avril, jour o\u00f9 il ne se passe pas grand-chose non plus.<\/li>\n<li>L\u2019ind\u00e9pendance du boulevard de Clichy sera envisag\u00e9e.<\/li>\n<li>La place du G\u00e9n\u00e9ral Beuret, dans le 15\u00e8me arrondissement, sera rebaptis\u00e9e place Julio Cortazar, du nom du grand \u00e9crivain argentin auteur de \u00ab Nous l\u2019aimons tant, Glenda \u00bb et ce afin de faire un peu plus de place aux \u00e9trangers dans Paris et un peu moins aux g\u00e9n\u00e9raux, qui pullulent. De plus, il existe d\u00e9j\u00e0 une rue du g\u00e9n\u00e9ral Beuret, alors \u00e7a va.<\/li>\n<li>Obligation pour tous les propri\u00e9taires de chiens de pr\u00e9lever un petit peu de leur urine et de la soumettre \u00e0 des test ADN afin de d\u00e9terminer la puret\u00e9 de leur race. Les chiens non conformes seront raccompagn\u00e9s en Chine o\u00f9 ils seront transform\u00e9s en rouleaux de printemps. Relance de l\u2019exportation !<\/li>\n<li>Un d\u00e9cret d\u2019application donnera la possibilit\u00e9 \u00e0 chacun et \u00e0 chacune de se retrouver soudain au ch\u00f4mage et heureux de l\u2019\u00eatre. Les ch\u00f4meurs seront lav\u00e9s de tout soup\u00e7on et seront consid\u00e9r\u00e9s comme pr\u00e9sum\u00e9s innocents.<\/li>\n<li>La capitale de l\u2019Europe ne sera plus Bruxelles (qui est dans un pays qui n\u2019existe plus) mais Sofia. Pourquoi ? Tout simplement parce qu\u2019en grec, Sofia signifie Sagesse et que nous avons grand besoin de Sagesse face \u00e0 la mont\u00e9e des extr\u00e9mismes, des obscurantismes, des fanatismes, des rhumatismes et des s\u00e9ismes.<\/li>\n<li>Interdiction totale du cumul des pandas.<\/li>\n<li>Lib\u00e9ration imm\u00e9diate de Liliane Bettencourt.<\/li>\n<li>Reconnaissance du vote blanc qui permettra aux citoyens d\u2019exprimer le fait qu\u2019ils ne sont pas\u00a0satisfaits par l\u2019offre politique qui leur est propos\u00e9e. Le vote blanc sera repr\u00e9sent\u00e9 \u00e0 l\u2019Assembl\u00e9e Nationale\u00a0par des si\u00e8ges vides.<\/li>\n<li>Reconnaissance \u00e9galement du vote marron qui permettra aux fran\u00e7ais d\u2019adresser \u00e0 la classe\u00a0politique un mot simple, compos\u00e9 d\u2019une seule syllabe et qui fut jadis employ\u00e9 par un certain Cambronne.\u00a0( Mesure de Catharsis d\u00e9mocratique)<\/li>\n<li>Instauration de nombreuses Z.N.U. ( Zones de Naturisme Urbain).<\/li>\n<li>Mise en place d\u2019une politique de discrimination audacieuse visant \u00e0 favoriser l\u2019emploi\u00a0des formes grammaticales vieillies ou d\u00e9su\u00e8tes. Vote d\u2019une loi-cadre qui imposerait que\u00a0toutes les phrases prononc\u00e9es sur les cha\u00eenes du service public employassent au moins un\u00a0imparfait du subjonctif, et ce sans qu\u2019il e\u00fbt fallu pour autant que cela f\u00fbt n\u00e9cessaire.<\/li>\n<li>Distribution de Conjugotests \u2122 \u00e0 un euro dans toutes les bo\u00eetes de nuit parisiennes\u00a0et organisation d\u2019Interro-Surprises \u2122\u00a0 \u00e0 la sortie d\u2019icelles permettant de v\u00e9rifier l\u2019aptitude\u00a0des coll\u00e9giens \u00e0 conjuguer les verbes du troisi\u00e8me groupe (pourront notamment \u00eatre exig\u00e9es\u00a0les conjugaisons des verbes traire et g\u00e9sir).<\/li>\n<li>Afin de pallier \u00e0 la crise du logement \u00e0 Paris, et \u00e0 l\u2019instar du syst\u00e8me de co-location\u00a0interg\u00e9n\u00e9rationnelle \u00e9tudiants-personnes \u00e2g\u00e9es mis en place par le gouvernement, instauration\u00a0de solutions de type sourds-borgnes, exhibitionnistes-pudiques, bouchers-v\u00e9g\u00e9tariens,\u00a0immigr\u00e9s-racistes, r\u00e9sistants-p\u00e9tainistes, catins-rabbins, cheminots c\u00e9g\u00e9tistes-usagers m\u00e9contents \u2026\u00a0et de fa\u00e7on g\u00e9n\u00e9rale toute forme de cohabitation permettant un peu plus de solidarit\u00e9\u00a0et de compr\u00e9hension dans ce monde horriblement balkanis\u00e9.<\/li>\n<li>D\u00e9ploiement d\u2019un vaste plan \u00e0 l\u2019echelle nationale permettant de redonner toute\u00a0sa place \u00e0 l\u2019Echec. Stages de formation et de pr\u00e9paration \u00e0 l\u2019Echec. Valorisation des\u00a0rat\u00e9s.<\/li>\n<li>Les personnes \u00e2g\u00e9es qui auront vot\u00e9 Gaspard Delano\u00eb en croyant voter pour\u00a0un autre seront priv\u00e9es de leurs droits civiques pendant trente ans.<\/li>\n<li>Tout ce qui n\u2019est pas interdit sera obligatoire.<\/li>\n<li>La Seine sera rebaptis\u00e9e l\u2019Yonne. En effet, des scientifiques ayant mesur\u00e9 qu\u2019au\u00a0confluent de la Seine et de l\u2019Yonne, le d\u00e9bit de l\u2019Yonne \u00e9tait nettement sup\u00e9rieur \u00e0\u00a0celui de la Seine, et la r\u00e8gle pr\u00e9valant \u00e9tant que c\u2019est celui qui a le plus gros d\u00e9bit qui gagne,\u00a0la Seine doit \u00eatre cons\u00e9quemment d\u00e9baptis\u00e9e : c\u2019est la D\u00e9mocratie dans les fleuves.<\/li>\n<li>Par cons\u00e9quent, le Seine Saint-Denis sera rebaptis\u00e9e l\u2019Yonne Saint-Denis.\u00a0La Seine Maritime, l\u2019Yonne Maritime et la Seine et Marne l\u2019Yonne et Marne.\u00a0D\u2019autre part le premiers vers du po\u00e8me d\u2019Apollinaire \u00ab\u00a0 Sous le Pont Mirabeau\u00a0Coule la Seine \u00bb sera d\u00e9sormais \u00ab\u00a0 Sous le Pont Mirabeau coule l\u2019Yonne \u00bb, etc\u2026<\/li>\n<li>Introduction d\u2019une bonne dose de proportionnelle (50%) aux l\u00e9gislatives\u00a0de mani\u00e8re \u00e0 ce que la diversit\u00e9 des opinions politiques observ\u00e9e en France\u00a0soit \u00e9quitablement repr\u00e9sent\u00e9e \u00e0 l\u2019Assembl\u00e9e ( ce qui n\u2019est pas le cas\u00a0\u00e0 l\u2019heure actuelle (euph\u00e9misme)).<\/li>\n<li>Possibilit\u00e9 pour tous les graffeurs, tagueurs et pochoiristes de Paris\u00a0de laisser libre cours \u00e0 leur cr\u00e9ativit\u00e9, en accord avec la R.A.T.P., dans l\u2019ensemble\u00a0des galeries souterraines qui constituent le r\u00e9seau du m\u00e9tro afin de permettre aux usagers\u00a0de la R.A.T.P.de jouir de la cr\u00e9ativit\u00e9 des artistes underground . ( 10 000 kilom\u00e8tres de\u00a0galeries : la plus grande galerie du monde).Et rendre le parcours entre deux stations plus attractif.<\/li>\n<li>Installation de 2300 stations Toutoulib\u2019dans Paris.\u00a0Chaque station sera dot\u00e9e de huit bornes auxquelles seront attach\u00e9s des Toutous.\u00a0Plusieurs marques de Toutous seront disponibles. Teckels, Epagneuls, Caniches,\u00a0Chihuahuas, Fox-Terriers, Dogues, dalmatiens, Saint-Bernards, etc\u2026\u00a0Possibilit\u00e9 pour chaque usager de faire faire le tour du p\u00e2t\u00e9 de maisons au Toutou, \u00e9ventuellement m\u00eame un petit pipi, et plus si affinit\u00e9s. Premi\u00e8re demi-heure d\u2019utilisation gratuite.<\/li>\n<\/ol>\n<p>&nbsp;<\/p>\n","protected":false},"excerpt":{"rendered":"<p>Liste \u00ab\u00a0VOTEZ GASPARD DELANO\u00cb , LE VRAI DELANO\u00cb\u00a0\u00bb \u00a0Augmentation de 100 % des imp\u00f4ts locaux ( afin de financer la construction de logements sociaux .) Inauguration de la ligne \u00ab Saint-Lazare \u2013 Gare de Lyon \u00bb en montgolfi\u00e8re et d\u00e9veloppement rapide du r\u00e9seau Montgolfi\u00e8re sur Paris . Transformation du funiculaire de Montmartre en tire-fesses et &hellip; <a href=\"http:\/\/pffft.fr\/wp3\/programme\/le-programme-des-elections-municipales-2008\/\" class=\"more-link\">Continuer la lecture de <span class=\"screen-reader-text\">Municipales 2008<\/span> <span class=\"meta-nav\">&rarr;<\/span><\/a><\/p>\n","protected":false},"author":1,"featured_media":0,"parent":148,"menu_order":1,"comment_status":"open","ping_status":"open","template":"","meta":{"footnotes":""},"class_list":["post-140","page","type-page","status-publish","hentry"],"_links":{"self":[{"href":"http:\/\/pffft.fr\/wp3\/wp-json\/wp\/v2\/pages\/140","targetHints":{"allow":["GET"]}}],"collection":[{"href":"http:\/\/pffft.fr\/wp3\/wp-json\/wp\/v2\/pages"}],"about":[{"href":"http:\/\/pffft.fr\/wp3\/wp-json\/wp\/v2\/types\/page"}],"author":[{"embeddable":true,"href":"http:\/\/pffft.fr\/wp3\/wp-json\/wp\/v2\/users\/1"}],"replies":[{"embeddable":true,"href":"http:\/\/pffft.fr\/wp3\/wp-json\/wp\/v2\/comments?post=140"}],"version-history":[{"count":7,"href":"http:\/\/pffft.fr\/wp3\/wp-json\/wp\/v2\/pages\/140\/revisions"}],"predecessor-version":[{"id":171,"href":"http:\/\/pffft.fr\/wp3\/wp-json\/wp\/v2\/pages\/140\/revisions\/171"}],"up":[{"embeddable":true,"href":"http:\/\/pffft.fr\/wp3\/wp-json\/wp\/v2\/pages\/148"}],"wp:attachment":[{"href":"http:\/\/pffft.fr\/wp3\/wp-json\/wp\/v2\/media?parent=140"}],"curies":[{"name":"wp","href":"https:\/\/api.w.org\/{rel}","templated":true}]}}