{"id":156,"date":"2014-05-05T20:45:28","date_gmt":"2014-05-05T18:45:28","guid":{"rendered":"http:\/\/pffft.fr\/wp3\/?page_id=156"},"modified":"2014-05-06T12:50:29","modified_gmt":"2014-05-06T10:50:29","slug":"regionales-2009","status":"publish","type":"page","link":"http:\/\/pffft.fr\/wp3\/programme\/regionales-2009\/","title":{"rendered":"R\u00e9gionales 2009"},"content":{"rendered":"<h3>Liste\u00a0\u00ab La France aux Franciliens\u00a0\u00bb<\/h3>\n<ol>\n<li>Possibilit\u00e9 pour chaque candidat d\u2019int\u00e9grer \u00e0 sa candidature le substantif \u00abhuchon\u00bb, qui signifie \u00ab petit oiseau des bois \u00bb &#8211; et qui, en ces temps d\u2019Environnement-mania constitue un avantage non-n\u00e9gligeable. Seront donc candidats aux r\u00e9gionales : Val\u00e9rie Huchon P\u00e9cresse, C\u00e9cile Huchon Duflot, Gaspard Huchon Delano\u00eb, Jean-Paul Huchon Huchon, etc \u2026<\/li>\n<li>D\u00e9claration de l&rsquo;ind\u00e9pendance de l&rsquo;\u00eele de France, car c&rsquo;est la plus belle \u00eele de France.<\/li>\n<li>Expulsion et reconduite \u00e0 la fronti\u00e8re de tous les minist\u00e8res, y compris Matignon, et cr\u00e9ation de dix mille logements sociaux et rigolos dans les h\u00f4tels particuliers lib\u00e9r\u00e9s par cette mesure.<\/li>\n<li>Instauration du secret bancaire et francilisation de toutes les banques.<\/li>\n<li>Annulation de tous les imp\u00f4ts et taxes \u00e0 l&rsquo;exception des taxes sur les produits industriels et les jeux d&rsquo;argents: on est paradis que par soi-m\u00eame.<\/li>\n<li>Obligation \u00e0 tous les Franciliens d&rsquo;ouvrir un casino chez eux et de trouver un nom original.<\/li>\n<li>Apr\u00e8s le \u00ab Grand Paris \u00bb, lancement du \u00ab Paris Gros \u00bb dont la circonf\u00e9rence passera par les villes de Dijon, Moulins, Ch\u00e2teauroux, Tours , Le Mans, Alen\u00e7on, Bernay, Amiens, Vervins, Charleville-M\u00e9zi\u00e8res, Bar-le-Duc et Chaumont.<\/li>\n<li>Service civique obligatoire pour tous les franciliens et les franciliennes \u00e2g\u00e9s de 18 \u00e0 21 ans. Il sera d\u2019une dur\u00e9e de deux mois et sera effectu\u00e9 dans une agence P\u00f4le Emploi afin que chacun se familiarise avec ce qui l\u2019attend dans l\u2019avenir.<\/li>\n<li>Gratuit\u00e9 totale des transports amoureux. Exemple : un jeune homme monte dans le bus et embrasse une vieille dame \u00e0 pleine bouche : transport gratuit jusqu\u2019au bout de la ligne.<\/li>\n<li>Cr\u00e9ation d\u2019un canal Saint-Martin en banlieue de mani\u00e8re \u00e0 r\u00e9it\u00e9rer l\u2019op\u00e9ration Don Quichotte dans chaque d\u00e9partement de la r\u00e9gion, et faire voyager les SDF.<\/li>\n<li>Inauguration des lignes Vitry \u2013 Neuilly et Sarcelles \u2013 Versailles en Zeppelin afin de relancer les connections intra-franciliennes. D\u00e9veloppement du r\u00e9seau Zeppelin.<\/li>\n<li>Prime au d\u00e9gonflage: pour tout achat d&rsquo;un Zeppelin neuf, remise de 20% pour le d\u00e9gonflage de l&rsquo;ancien.<\/li>\n<li>Abandon de la notion de D\u00e9veloppement Durable, mise en place du D\u00e9veloppement Dur Dur. Avec tout ce que \u00e7a implique.<\/li>\n<li>Construction d\u2019un deuxi\u00e8me p\u00e9rif\u2019 (aquatique avec des requins) autour de l\u2019Ile-de-France afin que l\u2019Ile-de-France soit vraiment une \u00eele.<\/li>\n<li>Possibilit\u00e9 de construire des minarets mignons dans toute l\u2019Ile-de-France. Interdiction de construire des minarets laids.<\/li>\n<li>Un devoir de r\u00e9serve sera appliqu\u00e9 \u00e0 tous les \u00e9crivains d\u2019Ile-de-France. Celles et ceux qui ne respecteront pas ce devoir de r\u00e9serve seront reconduits \u00e0 Berlin.<\/li>\n<li>D\u00e9veloppement d\u2019un grand centre de tourisme sexuel \u00e9quitable sous l\u2019\u00e9gide du ministre de la Culture, qui permettra d\u2019attirer de nouveaux porcs vers l\u2019Ile-de-France.<\/li>\n<li>M\u00e9trolib&rsquo; ! : possibilit\u00e9 pour chaque francilien(ne) de disposer d&rsquo;un m\u00e9tro et de le conduire \u00e0 sa guise. Premi\u00e8re demi-heure d&rsquo;utilisation gratuite !<\/li>\n<li>Interdiction de la vente d&rsquo;alcool en Ile-de-France, la R\u00e9gion n&rsquo;\u00e9tant pas productrice, cela provoque une fuite de capitaux. Lev\u00e9e de cette interdiction seulement en cas de force majeure.<\/li>\n<li>Pour une R\u00e9gion dealer et prox\u00e9n\u00e8te : vente l\u00e9gale de toutes les substances illicites par le Conseil R\u00e9gional, et r\u00e9ouverture des maisons closes avec volontariat des travailleurs sexuels.<\/li>\n<li>Transformation de l&rsquo;\u00eele S\u00e9guin en \u00eele Philippe S\u00e9guin : un parc \u00e0 ch\u00e8vres.<\/li>\n<li>Fun\u00e9railles nationales de Gaspard Delano\u00eb et enterrement vivant au Panth\u00e9on.<\/li>\n<li>D\u00e9montage pierre par pierre du Panth\u00e9on et r\u00e9assemblage en grandes pompes de l\u2019\u00e9difice sur l\u2019\u00eele Philippe S\u00e9guin.<\/li>\n<li>Creation de ports sur le nouveau peripherique aquatique.. Pour le confort des marins, d\u00e9placement du boulevard Ney et de ses prostitu\u00e9es \u00e0 proximit\u00e9 du nouveau p\u00e9rif&rsquo;.<\/li>\n<li>Le periph&rsquo; aquatique sera baptis\u00e9 \u00ab p\u00e9riph Laure Manaudou\u00a0\u00bb, qui l&rsquo;inaugurera en en parcourant toute la longueur \u00e0 la nage, et pourra ainsi relancer sa carri\u00e8re de nageuse. L&rsquo;ancien periph&rsquo;, d\u00e9sormais sans utilit\u00e9, sera tranform\u00e9 en stade de marathon permanent, et rebaptis\u00e9 \u00ab p\u00e9riph&rsquo; Marie-jo Perek\u00a0\u00bb afin de relancer de la m\u00eame mani\u00e8re la carri\u00e8re de l&rsquo;athl\u00e8te.<\/li>\n<li>Lancement d&rsquo;un d\u00e9bat annuel portant sur la question du port de la voile pour les embarcations circulant sur le nouveau p\u00e9riph&rsquo; aquatique. Gel du d\u00e9bat en hiver. Evaporation du d\u00e9bat en \u00e9t\u00e9.<\/li>\n<li>L&rsquo;Ile de France \u00e9tant d\u00e9sormais une \u00eele, on roulera donc \u00e0 gauche.<\/li>\n<li>Lancement d&rsquo;un grand d\u00e9bat sur l&rsquo;identit\u00e9 francilienne. Dans la foul\u00e9e, cr\u00e9ation d&rsquo;un \u00ab moranoire\u00a0\u00bb, ou \u00ab moratoire sur la libert\u00e9 de parole de Nadine Morano\u00a0\u00bb.<\/li>\n<li>Cr\u00e9ation d&rsquo;un hymne francilien (id\u00e9es de titre : \u00ab \u00a0God bless the island of france\u00a0\u00bb, \u00abPour le Gros Paris notre Patrie\u00bb, \u00abDelanoe est gros\u00bb)<\/li>\n<li>Renvoi en Cor\u00e8ze des individus extra-franciliotaires louches ou pris en flagrant d\u00e9lit d&rsquo;incapacit\u00e9 de chanter l&rsquo;hymne francilien.<\/li>\n<li>Durcissement de la l\u00e9gislation concernant les mariages entre franciliens et picards.<\/li>\n<li>Cr\u00e9ation d&rsquo;un festival international Extreme-BD SM \u00e0 Bondy (93) pour que l&rsquo;Ile-de-France rayonne enfin aux quatre coins du monde gr\u00e2ce \u00e0 la d\u00e9mesure de ses orgies sexuelles.<\/li>\n<li>Instauration d&rsquo;un nouveau principe de jach\u00e8re dans les champs de seine-et-marne : culture du pavot la premi\u00e8re ann\u00e9e, culture du pavot la seconde ann\u00e9e, rave party la troisi\u00e8me ann\u00e9e, et on recommence. Exp\u00e9rimentation rigoureuse sur le plateau scientifique de Saclay sous le haut-patronage du CNRS, du conseil g\u00e9n\u00e9ral de l&rsquo;Essonne, et de la r\u00e9gion Ile de France.<\/li>\n<li>Instauration d&rsquo;un vrai dialogue Gagny-Gagny (93\/93) pour que tout le monde y trouve enfin son compte la-bas.<\/li>\n<li>Transport de Renaud Camus au Panth\u00e9on (peut se d\u00e9cliner avec toutes sortes d&rsquo;homonymes, du moment qu&rsquo;il s&rsquo;agit d&rsquo;un regroupement familial vers l&rsquo;int\u00e9rieur de l&rsquo;Ile-de-France)<\/li>\n<li>Cr\u00e9ation d&rsquo;antennes du quartier Pigalle dans toute l&rsquo;ile de France.<\/li>\n<\/ol>\n","protected":false},"excerpt":{"rendered":"<p>Liste\u00a0\u00ab La France aux Franciliens\u00a0\u00bb Possibilit\u00e9 pour chaque candidat d\u2019int\u00e9grer \u00e0 sa candidature le substantif \u00abhuchon\u00bb, qui signifie \u00ab petit oiseau des bois \u00bb &#8211; et qui, en ces temps d\u2019Environnement-mania constitue un avantage non-n\u00e9gligeable. Seront donc candidats aux r\u00e9gionales : Val\u00e9rie Huchon P\u00e9cresse, C\u00e9cile Huchon Duflot, Gaspard Huchon Delano\u00eb, Jean-Paul Huchon Huchon, etc \u2026 &hellip; <a href=\"http:\/\/pffft.fr\/wp3\/programme\/regionales-2009\/\" class=\"more-link\">Continuer la lecture de <span class=\"screen-reader-text\">R\u00e9gionales 2009<\/span> <span class=\"meta-nav\">&rarr;<\/span><\/a><\/p>\n","protected":false},"author":1,"featured_media":0,"parent":148,"menu_order":2,"comment_status":"open","ping_status":"open","template":"","meta":{"footnotes":""},"class_list":["post-156","page","type-page","status-publish","hentry"],"_links":{"self":[{"href":"http:\/\/pffft.fr\/wp3\/wp-json\/wp\/v2\/pages\/156","targetHints":{"allow":["GET"]}}],"collection":[{"href":"http:\/\/pffft.fr\/wp3\/wp-json\/wp\/v2\/pages"}],"about":[{"href":"http:\/\/pffft.fr\/wp3\/wp-json\/wp\/v2\/types\/page"}],"author":[{"embeddable":true,"href":"http:\/\/pffft.fr\/wp3\/wp-json\/wp\/v2\/users\/1"}],"replies":[{"embeddable":true,"href":"http:\/\/pffft.fr\/wp3\/wp-json\/wp\/v2\/comments?post=156"}],"version-history":[{"count":5,"href":"http:\/\/pffft.fr\/wp3\/wp-json\/wp\/v2\/pages\/156\/revisions"}],"predecessor-version":[{"id":175,"href":"http:\/\/pffft.fr\/wp3\/wp-json\/wp\/v2\/pages\/156\/revisions\/175"}],"up":[{"embeddable":true,"href":"http:\/\/pffft.fr\/wp3\/wp-json\/wp\/v2\/pages\/148"}],"wp:attachment":[{"href":"http:\/\/pffft.fr\/wp3\/wp-json\/wp\/v2\/media?parent=156"}],"curies":[{"name":"wp","href":"https:\/\/api.w.org\/{rel}","templated":true}]}}