{"id":184,"date":"2014-05-11T22:55:35","date_gmt":"2014-05-11T20:55:35","guid":{"rendered":"http:\/\/pffft.fr\/wp3\/?page_id=184"},"modified":"2014-05-11T23:39:41","modified_gmt":"2014-05-11T21:39:41","slug":"telecharger-le-bulletin-de-vote","status":"publish","type":"page","link":"http:\/\/pffft.fr\/wp3\/leparti\/elections-europeennes-du-25-mai-2014\/telecharger-le-bulletin-de-vote\/","title":{"rendered":"T\u00e9l\u00e9charger le bulletin de vote"},"content":{"rendered":"<p><a href=\"http:\/\/pffft.fr\/wp3\/wp-content\/uploads\/2014\/05\/bulletin_2.pdf\"><img loading=\"lazy\" decoding=\"async\" class=\"alignnone size-medium wp-image-185\" src=\"http:\/\/pffft.fr\/wp3\/wp-content\/uploads\/2014\/05\/bulletin-europeennes-PFT-300x211.jpg\" alt=\"bulletin europeennes PFT\" width=\"300\" height=\"211\" srcset=\"http:\/\/pffft.fr\/wp3\/wp-content\/uploads\/2014\/05\/bulletin-europeennes-PFT-300x211.jpg 300w, http:\/\/pffft.fr\/wp3\/wp-content\/uploads\/2014\/05\/bulletin-europeennes-PFT-1024x721.jpg 1024w, http:\/\/pffft.fr\/wp3\/wp-content\/uploads\/2014\/05\/bulletin-europeennes-PFT.jpg 2048w\" sizes=\"auto, (max-width: 300px) 100vw, 300px\" \/><\/a><\/p>\n<p>T\u00e9l\u00e9chargez et imprimez le bulletin de vote pour les \u00e9lections europ\u00e9ennes ! (la feuille comporte deux bulletins sur une feuille A4, \u00e0 d\u00e9couper au milieu &#8211; un bulletin dans l&rsquo;urne, un autre pour votre grand-m\u00e8re pour qu&rsquo;elle puisse voter PFT elle aussi)<\/p>\n","protected":false},"excerpt":{"rendered":"<p>T\u00e9l\u00e9chargez et imprimez le bulletin de vote pour les \u00e9lections europ\u00e9ennes ! (la feuille comporte deux bulletins sur une feuille A4, \u00e0 d\u00e9couper au milieu &#8211; un bulletin dans l&rsquo;urne, un autre pour votre grand-m\u00e8re pour qu&rsquo;elle puisse voter PFT elle aussi)<\/p>\n","protected":false},"author":1,"featured_media":0,"parent":21,"menu_order":1,"comment_status":"open","ping_status":"open","template":"","meta":{"footnotes":""},"class_list":["post-184","page","type-page","status-publish","hentry"],"_links":{"self":[{"href":"http:\/\/pffft.fr\/wp3\/wp-json\/wp\/v2\/pages\/184","targetHints":{"allow":["GET"]}}],"collection":[{"href":"http:\/\/pffft.fr\/wp3\/wp-json\/wp\/v2\/pages"}],"about":[{"href":"http:\/\/pffft.fr\/wp3\/wp-json\/wp\/v2\/types\/page"}],"author":[{"embeddable":true,"href":"http:\/\/pffft.fr\/wp3\/wp-json\/wp\/v2\/users\/1"}],"replies":[{"embeddable":true,"href":"http:\/\/pffft.fr\/wp3\/wp-json\/wp\/v2\/comments?post=184"}],"version-history":[{"count":5,"href":"http:\/\/pffft.fr\/wp3\/wp-json\/wp\/v2\/pages\/184\/revisions"}],"predecessor-version":[{"id":197,"href":"http:\/\/pffft.fr\/wp3\/wp-json\/wp\/v2\/pages\/184\/revisions\/197"}],"up":[{"embeddable":true,"href":"http:\/\/pffft.fr\/wp3\/wp-json\/wp\/v2\/pages\/21"}],"wp:attachment":[{"href":"http:\/\/pffft.fr\/wp3\/wp-json\/wp\/v2\/media?parent=184"}],"curies":[{"name":"wp","href":"https:\/\/api.w.org\/{rel}","templated":true}]}}