{"id":21,"date":"2014-05-04T18:45:55","date_gmt":"2014-05-04T16:45:55","guid":{"rendered":"http:\/\/pffft.fr\/wp3\/?page_id=21"},"modified":"2016-05-26T17:42:24","modified_gmt":"2016-05-26T15:42:24","slug":"elections-europeennes-du-25-mai-2014","status":"publish","type":"page","link":"http:\/\/pffft.fr\/wp3\/leparti\/elections-europeennes-du-25-mai-2014\/","title":{"rendered":"Le PFT et l&rsquo;Europe"},"content":{"rendered":"<p><strong>L\u2019Europe de Marrakech \u00e0 Istanbul<\/strong><\/p>\n<p><span style=\"line-height: 1.5;\">\u00ab\u00a0A chaque effondrement des preuves, le po\u00e8te r\u00e9pond par une salve d\u2019avenir\u00a0\u00bb Ren\u00e9 Char.<\/span><\/p>\n<p><span style=\"line-height: 1.5;\">Il y a 150 ans, alors qu\u2019une mont\u00e9e des nationalismes \u2013qui allait conduire \u00e0 la catastrophe de la premi\u00e8re guerre mondiale- se d\u00e9ployait en Europe, Victor Hugo eut le culot d\u2019imaginer une alliance entre \u00e9tats europ\u00e9ens, \u00ab\u00a0 des \u00ab\u00a0Etats-Unis d\u2019Europe\u00a0\u00bb.<\/span><\/p>\n<p>Il fut la ris\u00e9e de tous, qui le prirent pour un illumin\u00e9.<\/p>\n<p><span style=\"line-height: 1.5;\">Cent millions de morts plus tard, apr\u00e8s la deuxi\u00e8me guerre mondiale, quelques europ\u00e9ens reprirent l\u2019utopie de Victor Hugo et la men\u00e8rent \u00e0 bien.<\/span><\/p>\n<p><span style=\"line-height: 1.5;\">Il y a 50 ans, le g\u00e9n\u00e9ral de Gaulle parlait de l\u2019Europe \u00ab\u00a0 de l\u2019atlantique \u00e0 l\u2019Oural\u00a0\u00bb. Cette Europe est faite, c\u2019est l\u2019Europe du Nord. Frileuse et guid\u00e9e par ses peurs.<\/span><\/p>\n<p><span style=\"line-height: 1.5;\">Aujourd\u2019hui, \u00e0 l\u2019heure de l\u2019islamophobie galopante, de l\u2019antis\u00e9mitisme toujours pr\u00e9sent, de la x\u00e9nophobie et de l\u2019europhobie, il est urgent d\u2019inventer une nouvelle utopie pour l\u2019Europe, de lui donner une nouvelle fronti\u00e8re, un nouvel horizon.<\/span><\/p>\n<p>C\u2019est pourquoi, le Pffft, le Parti faire un Tour, a d\u00e9cid\u00e9 de pr\u00e9senter une liste aux Europ\u00e9ennes, intitul\u00e9e \u00ab\u00a0 L\u2019Europe de Marrakech \u00e0 Istanbul\u00a0\u00bb.<\/p>\n<p><span style=\"line-height: 1.5;\">Il s\u2019agit en somme de proposer ( nous insistons sur le terme \u00ab\u00a0proposer\u00a0\u00bb) \u00e0 tous les pays du Maghreb et du Machrek de devenir membre \u00e0 part enti\u00e8re de l\u2019Union Europ\u00e9enne.<\/span><\/p>\n<p><span style=\"line-height: 1.5;\">Il s\u2019agit de se souvenir que Europe, dans le mythe grec , est une princesse ph\u00e9nicienne ( la Ph\u00e9nicie\u00a0: aujourd\u2019hui\u00a0: le Liban)<\/span><\/p>\n<p><span style=\"line-height: 1.5;\">Il s\u2019agit d\u2019arr\u00eater de penser que le c\u0153ur de l\u2019Europe est la Suisse, ce pays qui a r\u00e9cemment fait voter des lois x\u00e9nophobes et qui a toujours refus\u00e9 de partager sa richesse avec les autres pays europ\u00e9ens , qui a toujours refus\u00e9 d\u2019entrer dans l\u2019Union Europ\u00e9enne.<\/span><\/p>\n<p><span style=\"line-height: 1.5;\">Il s\u2019agit de r\u00e9aliser que le c\u0153ur de l\u2019Europe est la mer M\u00e9diterran\u00e9e, mer de civilisation, d\u2019\u00e9changes, de culture, d\u2019\u00e9conomie, de philosophie et ce depuis 5000 ans .<\/span><\/p>\n<p><span style=\"line-height: 1.5;\">Il s\u2019agit de se rappeler que l\u2019Europe\u00a0, comme le disait Jacques Delors, \u00ab\u00a0n\u2019est pas un concept g\u00e9ographique, c\u2019est une communaut\u00e9 de valeurs.\u00a0\u00bb Et que cette communaut\u00e9 de valeurs peut \u00eatre partag\u00e9e, s\u2019ils le souhaitent, par des pays allant du Maroc \u00e0 la Turquie.<\/span><\/p>\n<p><span style=\"line-height: 1.5;\">( C\u2019est le sens de la proposition de nouveau drapeau faite par le Pffft, non plus un cercle ferm\u00e9, mais une spirale ouvrant sur l\u2019infini)<\/span><\/p>\n<p><span style=\"line-height: 1.5;\">En choisissant comme slogan \u00ab\u00a0 Oui au Maroc, Non \u00e0 la Suisse\u00a0!\u00a0\u00bb, nous avons voulu rappeler que le Maroc a (la plupart des gens l\u2019ignorent) d\u00e9j\u00e0 officiellement pr\u00e9sent\u00e9 sa candidature \u00e0 l\u2019Union Europ\u00e9enne. C\u2019\u00e9tait en 1987. Candidature qui fut rejet\u00e9e \u00e0 l\u2019\u00e9poque \u00e0 cause de l\u2019\u00e9troitesse d\u2019esprit des dirigeants europ\u00e9ens.<\/span><\/p>\n<p><span style=\"line-height: 1.5;\">L\u2019Europe des rives septentrionales de la M\u00e9diterran\u00e9e est construite.<\/span><\/p>\n<p>Il est temps de b\u00e2tir l\u2019Europe des rives m\u00e9ridionales\u00a0!<\/p>\n<p>L\u2019Europe des origines de son nom m\u00eame ( la Ph\u00e9nicie),<\/p>\n<p>Une Europe des Illuminations,<\/p>\n<p>Une Europe Rimbaldienne.<\/p>\n<p><span style=\"line-height: 1.5;\">\u00ab\u00a0 J\u2019ai tendu des cordes de clocher \u00e0 clocher\u00a0; des guirlandes de fen\u00eatre \u00e0 fen\u00eatre, des chaines d\u2019or d\u2019\u00e9toile \u00e0 \u00e9toile\u00a0; et je danse.\u00a0\u00bb\u00a0 Rimbaud ( Les Illuminations)<\/span><\/p>\n<p><span style=\"line-height: 1.5;\">Non \u00e0 la Forteresse Europe,<\/span><\/p>\n<p>Oui \u00e0 l\u2019Europe des Lumi\u00e8res\u00a0!<\/p>\n","protected":false},"excerpt":{"rendered":"<p>L\u2019Europe de Marrakech \u00e0 Istanbul \u00ab\u00a0A chaque effondrement des preuves, le po\u00e8te r\u00e9pond par une salve d\u2019avenir\u00a0\u00bb Ren\u00e9 Char. Il y a 150 ans, alors qu\u2019une mont\u00e9e des nationalismes \u2013qui allait conduire \u00e0 la catastrophe de la premi\u00e8re guerre mondiale- se d\u00e9ployait en Europe, Victor Hugo eut le culot d\u2019imaginer une alliance entre \u00e9tats europ\u00e9ens, &hellip; <a href=\"http:\/\/pffft.fr\/wp3\/leparti\/elections-europeennes-du-25-mai-2014\/\" class=\"more-link\">Continuer la lecture de <span class=\"screen-reader-text\">Le PFT et l&rsquo;Europe<\/span> <span class=\"meta-nav\">&rarr;<\/span><\/a><\/p>\n","protected":false},"author":1,"featured_media":0,"parent":44,"menu_order":1,"comment_status":"open","ping_status":"open","template":"","meta":{"footnotes":""},"class_list":["post-21","page","type-page","status-publish","hentry"],"_links":{"self":[{"href":"http:\/\/pffft.fr\/wp3\/wp-json\/wp\/v2\/pages\/21","targetHints":{"allow":["GET"]}}],"collection":[{"href":"http:\/\/pffft.fr\/wp3\/wp-json\/wp\/v2\/pages"}],"about":[{"href":"http:\/\/pffft.fr\/wp3\/wp-json\/wp\/v2\/types\/page"}],"author":[{"embeddable":true,"href":"http:\/\/pffft.fr\/wp3\/wp-json\/wp\/v2\/users\/1"}],"replies":[{"embeddable":true,"href":"http:\/\/pffft.fr\/wp3\/wp-json\/wp\/v2\/comments?post=21"}],"version-history":[{"count":4,"href":"http:\/\/pffft.fr\/wp3\/wp-json\/wp\/v2\/pages\/21\/revisions"}],"predecessor-version":[{"id":278,"href":"http:\/\/pffft.fr\/wp3\/wp-json\/wp\/v2\/pages\/21\/revisions\/278"}],"up":[{"embeddable":true,"href":"http:\/\/pffft.fr\/wp3\/wp-json\/wp\/v2\/pages\/44"}],"wp:attachment":[{"href":"http:\/\/pffft.fr\/wp3\/wp-json\/wp\/v2\/media?parent=21"}],"curies":[{"name":"wp","href":"https:\/\/api.w.org\/{rel}","templated":true}]}}