{"id":29,"date":"2014-05-04T20:07:09","date_gmt":"2014-05-04T18:07:09","guid":{"rendered":"http:\/\/pffft.fr\/wp3\/?page_id=29"},"modified":"2014-10-22T12:48:10","modified_gmt":"2014-10-22T10:48:10","slug":"notre-programme-europe","status":"publish","type":"page","link":"http:\/\/pffft.fr\/wp3\/programme\/notre-programme-europe\/","title":{"rendered":"Europ\u00e9ennes 2014"},"content":{"rendered":"<p><strong>Nos premi\u00e8res propositions pour les \u00e9lections europ\u00e9ennes du 25 mai 2014<\/strong><\/p>\n<ol>\n<li>Construction du Pont de Lampedusa (Italie-Tunisie) et\u00a0du Gibraltar Bridge (Espagne\u2013Maroc) qui permettront\u00a0d\u2019am\u00e9liorer la circulation et d\u2019\u00e9pargner 12000 vies.<\/li>\n<li><span style=\"line-height: 1.5;\">L\u2019espace Schengen sera rebaptis\u00e9 espace Schengen-<\/span><span style=\"line-height: 1.5;\">Ouarzazate.<\/span><\/li>\n<li><span style=\"line-height: 1.5;\">Construction du Mediterranel, tunnel sous la M\u00e9diterran\u00e9e,\u00a0<\/span><span style=\"line-height: 1.5;\">qui reliera les villes d\u2019Ajaccio et Ramallah, et aura pour effet\u00a0<\/span><span style=\"line-height: 1.5;\">de\u00a0<\/span><span style=\"line-height: 1.5;\">produire un important essor \u00e9conomique pour ces deux\u00a0<\/span><span style=\"line-height: 1.5;\">villes.<\/span><\/li>\n<li><span style=\"line-height: 1.5;\">Possibilit\u00e9 d\u2019envisager \u00e9galement les candidatures de la\u00a0<\/span><span style=\"line-height: 1.5;\">G\u00e9orgie, de l\u2019Arm\u00e9nie et de l\u2019Azerba\u00efdjan.<\/span><\/li>\n<li><span style=\"line-height: 1.5;\">Relance de l\u2019esp\u00e9ranto.<\/span><\/li>\n<li><span style=\"line-height: 1.5;\">Cr\u00e9ation d\u2019\u00eeles flottantes en M\u00e9diterran\u00e9e, s\u2019appuyant sur\u00a0<\/span><span style=\"line-height: 1.5;\">l\u2019existence actuelle de masses rocheuses caract\u00e9ris\u00e9es par\u00a0<\/span><span style=\"line-height: 1.5;\">une forte biodiversit\u00e9.<\/span><\/li>\n<li><span style=\"line-height: 1.5;\">Nomination d\u2019une capitale de l\u2019Europe du Sud, en\u00a0<\/span><span style=\"line-height: 1.5;\">l\u2019occurrence\u00a0<\/span><span style=\"line-height: 1.5;\">Le Caire (Egypte) et transformation de la chanson de The Cure\u00a0<\/span><span style=\"line-height: 1.5;\">\u00ab Fire in cairo \u00bb en hymne europ\u00e9en.<\/span><\/li>\n<li><span style=\"line-height: 1.5;\">Application individuelle du principe de pr\u00e9sidence tournante\u00a0<\/span><span style=\"line-height: 1.5;\">adopt\u00e9 par l\u2019UE depuis des ann\u00e9es : naissance du concept\u00a0<\/span><span style=\"line-height: 1.5;\">d\u2019identit\u00e9 tournante, tous les six mois possibilit\u00e9 pour\u00a0<\/span><span style=\"line-height: 1.5;\">chaque citoyen europ\u00e9en de changer de nationalit\u00e9.<\/span><\/li>\n<li>Modification du concours de l\u2019Eurovision : chaque pays devra d\u00e9sormais pr\u00e9senter\u00a0une chanson non pas dans sa propre langue mais dans la langue d\u2019un pays voisin.<\/li>\n<li>Installation de stations P\u00e9dalib\u2019\u00a0 -p\u00e9dalos Lib\u2019- dans l\u2019ensemble des villes portuaires de M\u00e9diterran\u00e9e de mani\u00e8re \u00e0 encourager un mode de transport\u00a0 respectueux de l\u2019environnement, non-stressant et incitant au dialogue entre l\u2019humain et la faune aquatique.<\/li>\n<li>Afin de r\u00e9duire la fracture Nord-Sud, possibilit\u00e9 de jumeler sa nationalit\u00e9\u00a0septentrionale avec une nationalit\u00e9 m\u00e9ridionale . Naissance des Suisses-Marocains, des Anglo-Syriennes, des Dano-Lybiens, des Isra\u00eblo-Belges, des Hispano-Libanaises, des Italo-Jordaniens, des Su\u00e9do-Egyptiennes, des Germano-Palestiniens, des Autricho-Tunisiennes, des Polono-Alg\u00e9riens et des Luxembourgo-Turques.<\/li>\n<li>En signe d&rsquo;amiti\u00e9, tous les citoyens europ\u00e9ens se verront offrir un bapt\u00eame de plong\u00e9e sous-marine dans un des clubs-vacances des nouveaux \u00e9tats membres de la rive sud de la M\u00e9diterran\u00e9e, d\u00e9s l&rsquo;adh\u00e9sion souhait\u00e9e de ces derniers en juin 2014.<\/li>\n<li>Tous les citoyens europ\u00e9ens \u00e2g\u00e9s de 3 ans ou plus devront d\u00e9sormais ma\u00eetriser dix langues de l&rsquo;UE \u00e9largie. Dont une au moins parmi le persan, le berb\u00e8re, le hourrite, le babylonien, le marathe, le tadjike, le dehwari, le louvite et le hittite. Tout d\u00e9faut de ma\u00eetrise sera sanctionn\u00e9 par une ablation totale et d\u00e9finitive de la langue.<\/li>\n<li>Les escargots de Bourgogne \u00e9tant hermaphrodites, leur pratique d&rsquo;accouplement crois\u00e9, pr\u00e9c\u00e9d\u00e9 de rites compliqu\u00e9s, fera l&rsquo;objet de d\u00e9veloppement et de promotion. Ils seront prot\u00e9g\u00e9s, et l&rsquo;interdiction de les consommer sera \u00e9tendue \u00e0 tout le territoire de la future Europe&#8230;.<\/li>\n<\/ol>\n<p><a href=\"http:\/\/pffft.fr\/wp3\/wp-content\/uploads\/2014\/05\/bulletin_2.pdf\"><img loading=\"lazy\" decoding=\"async\" class=\"alignnone size-medium wp-image-185\" src=\"http:\/\/pffft.fr\/wp3\/wp-content\/uploads\/2014\/05\/bulletin-europeennes-PFT-300x211.jpg\" alt=\"bulletin europeennes PFT\" width=\"300\" height=\"211\" srcset=\"http:\/\/pffft.fr\/wp3\/wp-content\/uploads\/2014\/05\/bulletin-europeennes-PFT-300x211.jpg 300w, http:\/\/pffft.fr\/wp3\/wp-content\/uploads\/2014\/05\/bulletin-europeennes-PFT-1024x721.jpg 1024w, http:\/\/pffft.fr\/wp3\/wp-content\/uploads\/2014\/05\/bulletin-europeennes-PFT.jpg 2048w\" sizes=\"auto, (max-width: 300px) 100vw, 300px\" \/><\/a><\/p>\n<p>[Suivez notre actu programmatique sur Facebook !]<br \/>\n<iframe src=\"\/\/www.facebook.com\/plugins\/like.php?href=https%3A%2F%2Fwww.facebook.com%2FPartifaireuntour&amp;width&amp;layout=button_count&amp;action=like&amp;show_faces=true&amp;share=true&amp;height=21\" scrolling=\"no\" frameborder=\"0\" style=\"border:none; overflow:hidden; height:21px;\" allowTransparency=\"true\"><\/iframe><\/p>\n<p>&nbsp;<\/p>\n","protected":false},"excerpt":{"rendered":"<p>Nos premi\u00e8res propositions pour les \u00e9lections europ\u00e9ennes du 25 mai 2014 Construction du Pont de Lampedusa (Italie-Tunisie) et\u00a0du Gibraltar Bridge (Espagne\u2013Maroc) qui permettront\u00a0d\u2019am\u00e9liorer la circulation et d\u2019\u00e9pargner 12000 vies. L\u2019espace Schengen sera rebaptis\u00e9 espace Schengen-Ouarzazate. Construction du Mediterranel, tunnel sous la M\u00e9diterran\u00e9e,\u00a0qui reliera les villes d\u2019Ajaccio et Ramallah, et aura pour effet\u00a0de\u00a0produire un important essor &hellip; <a href=\"http:\/\/pffft.fr\/wp3\/programme\/notre-programme-europe\/\" class=\"more-link\">Continuer la lecture de <span class=\"screen-reader-text\">Europ\u00e9ennes 2014<\/span> <span class=\"meta-nav\">&rarr;<\/span><\/a><\/p>\n","protected":false},"author":1,"featured_media":0,"parent":148,"menu_order":5,"comment_status":"open","ping_status":"closed","template":"","meta":{"footnotes":""},"class_list":["post-29","page","type-page","status-publish","hentry"],"_links":{"self":[{"href":"http:\/\/pffft.fr\/wp3\/wp-json\/wp\/v2\/pages\/29","targetHints":{"allow":["GET"]}}],"collection":[{"href":"http:\/\/pffft.fr\/wp3\/wp-json\/wp\/v2\/pages"}],"about":[{"href":"http:\/\/pffft.fr\/wp3\/wp-json\/wp\/v2\/types\/page"}],"author":[{"embeddable":true,"href":"http:\/\/pffft.fr\/wp3\/wp-json\/wp\/v2\/users\/1"}],"replies":[{"embeddable":true,"href":"http:\/\/pffft.fr\/wp3\/wp-json\/wp\/v2\/comments?post=29"}],"version-history":[{"count":8,"href":"http:\/\/pffft.fr\/wp3\/wp-json\/wp\/v2\/pages\/29\/revisions"}],"predecessor-version":[{"id":275,"href":"http:\/\/pffft.fr\/wp3\/wp-json\/wp\/v2\/pages\/29\/revisions\/275"}],"up":[{"embeddable":true,"href":"http:\/\/pffft.fr\/wp3\/wp-json\/wp\/v2\/pages\/148"}],"wp:attachment":[{"href":"http:\/\/pffft.fr\/wp3\/wp-json\/wp\/v2\/media?parent=29"}],"curies":[{"name":"wp","href":"https:\/\/api.w.org\/{rel}","templated":true}]}}