{"id":44,"date":"2014-05-04T20:45:52","date_gmt":"2014-05-04T18:45:52","guid":{"rendered":"http:\/\/pffft.fr\/wp3\/?page_id=44"},"modified":"2022-01-25T18:12:23","modified_gmt":"2022-01-25T17:12:23","slug":"leparti","status":"publish","type":"page","link":"http:\/\/pffft.fr\/wp3\/","title":{"rendered":"Le PFT"},"content":{"rendered":"<div class=\"mceTemp\"><\/div>\n<hr \/>\n<p>Le Parti Faire Un Tour (Pffft) a \u00e9t\u00e9 cr\u00e9\u00e9 par Gaspard Delano\u00eb le 21 avril 2002, aux alentours de 20 H 01.<\/p>\n<p>Le Parti Faire un Tour a pour vocation de faire un tour.<\/p>\n<p>Un tour sur soi.<br \/>\nUne rotation.<\/p>\n<p>C&rsquo;est-\u00e0-dire, si l&rsquo;on se r\u00e9f\u00e8re au dictionnaire, une r\u00e9volution. (\u00ab\u00a0Rotation compl\u00e8te d&rsquo;un corps mobile autour de son axe\u00a0\u00bb). Ce en quoi le Parti Faire un Tour est un Parti R\u00e9volutionnaire.<\/p>\n<p>Le seul objectif que s&rsquo;est fix\u00e9 le Pffft est de changer le monde. Car le monde, tel qu&rsquo;il se pr\u00e9sente actuellement, est tout simplement insupportable.<\/p>\n<p>Afin de changer le monde, le Pffft a d\u00e9cid\u00e9 de s&rsquo;appuyer sur le Songe.<\/p>\n<p>Car l&rsquo;homme descend du Songe.<\/p>\n<p>C&rsquo;est pourquoi il n&rsquo;y a pas de militants au Pffft, mais seulement des agents dormants.<\/p>\n<hr \/>\n<h3>Le discours de cr\u00e9ation du PFT<\/h3>\n<p>Voici le discours historique\u00a0de Gaspard Delano\u00eb, notre-pr\u00e9sident-qui nous-veut-du-bien, qui lan\u00e7a, par une fra\u00eeche apr\u00e8s-midi d\u2019hivers,\u00a0 le Parti Faire un Tour dans le\u00a0champ merveilleux de la politique!!!<\/p>\n<p><iframe loading=\"lazy\" src=\"\/\/www.dailymotion.com\/embed\/video\/x46b3z\" width=\"480\" height=\"270\" frameborder=\"0\" allowfullscreen=\"allowfullscreen\"><\/iframe><br \/>\n<a href=\"http:\/\/www.dailymotion.com\/video\/x46b3z_discours-de-creation-du-pft_news\" target=\"_blank\" rel=\"noopener noreferrer\">discours de creation du PFT<\/a> <i>par <a href=\"http:\/\/www.dailymotion.com\/gaspard-delanoe-programme\" target=\"_blank\" rel=\"noopener noreferrer\">gaspard-delanoe-programme<\/a><\/i><\/p>\n<hr \/>\n<h3>L&rsquo;hymne du PFT<\/h3>\n<p>L&rsquo;hymne officiel du PFT est la chanson Fire In Cairo du groupe The Cure, ici r\u00e9interpr\u00e9t\u00e9e par le groupe <a title=\"PNP\" href=\"http:\/\/www.pinknoiseparty.com\">Pink Noise Party<\/a> featuring notre-pr\u00e9sident-qui nous-veut-du-bien.<\/p>\n<p><iframe loading=\"lazy\" src=\"https:\/\/w.soundcloud.com\/player\/?url=https%3A\/\/api.soundcloud.com\/tracks\/50463504&amp;auto_play=false&amp;hide_related=false&amp;visual=true\" width=\"100%\" height=\"450\" frameborder=\"no\" scrolling=\"no\"><\/iframe><\/p>\n","protected":false},"excerpt":{"rendered":"<p>Le Parti Faire Un Tour (Pffft) a \u00e9t\u00e9 cr\u00e9\u00e9 par Gaspard Delano\u00eb le 21 avril 2002, aux alentours de 20 H 01. Le Parti Faire un Tour a pour vocation de faire un tour. Un tour sur soi. Une rotation. C&rsquo;est-\u00e0-dire, si l&rsquo;on se r\u00e9f\u00e8re au dictionnaire, une r\u00e9volution. (\u00ab\u00a0Rotation compl\u00e8te d&rsquo;un corps mobile autour &hellip; <a href=\"http:\/\/pffft.fr\/wp3\/\" class=\"more-link\">Continuer la lecture de <span class=\"screen-reader-text\">Le PFT<\/span> <span class=\"meta-nav\">&rarr;<\/span><\/a><\/p>\n","protected":false},"author":1,"featured_media":0,"parent":0,"menu_order":2,"comment_status":"open","ping_status":"open","template":"","meta":{"footnotes":""},"class_list":["post-44","page","type-page","status-publish","hentry"],"_links":{"self":[{"href":"http:\/\/pffft.fr\/wp3\/wp-json\/wp\/v2\/pages\/44","targetHints":{"allow":["GET"]}}],"collection":[{"href":"http:\/\/pffft.fr\/wp3\/wp-json\/wp\/v2\/pages"}],"about":[{"href":"http:\/\/pffft.fr\/wp3\/wp-json\/wp\/v2\/types\/page"}],"author":[{"embeddable":true,"href":"http:\/\/pffft.fr\/wp3\/wp-json\/wp\/v2\/users\/1"}],"replies":[{"embeddable":true,"href":"http:\/\/pffft.fr\/wp3\/wp-json\/wp\/v2\/comments?post=44"}],"version-history":[{"count":18,"href":"http:\/\/pffft.fr\/wp3\/wp-json\/wp\/v2\/pages\/44\/revisions"}],"predecessor-version":[{"id":355,"href":"http:\/\/pffft.fr\/wp3\/wp-json\/wp\/v2\/pages\/44\/revisions\/355"}],"wp:attachment":[{"href":"http:\/\/pffft.fr\/wp3\/wp-json\/wp\/v2\/media?parent=44"}],"curies":[{"name":"wp","href":"https:\/\/api.w.org\/{rel}","templated":true}]}}