{"id":96,"date":"2014-05-05T01:32:14","date_gmt":"2014-05-04T23:32:14","guid":{"rendered":"http:\/\/pffft.fr\/wp3\/?page_id=96"},"modified":"2017-03-17T00:41:16","modified_gmt":"2017-03-16T23:41:16","slug":"revue-de-presse","status":"publish","type":"page","link":"http:\/\/pffft.fr\/wp3\/revue-de-presse\/","title":{"rendered":"Revue de presse"},"content":{"rendered":"<h3>Pr\u00e9sidentielles\/L\u00e9gislatives 2017<\/h3>\n<p><a href=\"http:\/\/www.leparisien.fr\/paris-75019\/paris-l-artiste-et-agitateur-gaspard-delanoe-defie-cambadelis-aux-legislatives-15-03-2017-6765573.php\">Paris : l\u2019artiste et agitateur Gaspard Delano\u00eb d\u00e9fie Cambad\u00e9lis aux l\u00e9gislatives<\/a> (15 mars 2017)<\/p>\n<h3>Europ\u00e9ennes 2014<\/h3>\n<p>Le Point : <a href=\"http:\/\/www.lepoint.fr\/europeennes-2014\/europeennes-un-jour-une-liste-l-europe-de-marrakech-a-istanbul-17-05-2014-1824624_2095.php\">Europ\u00e9ennes, un jour une liste.<\/a>\u00a0(17 Mai 2014)<\/p>\n<p>Revue Tryangle : <a href=\"http:\/\/www.tryangle.fr\/gaspard-delanoe-si-je-gagne-je-quitte-le-pays\">\u00ab MON PARTI EST LE PFT, LE PARTI FAIRE UN TOUR ! \u00bb<\/a><\/p>\n<p><span style=\"color: #000000;\">Le Figaro : <a href=\"http:\/\/www.lefigaro.fr\/politique\/le-scan\/insolites\/2014\/05\/12\/25007-20140512ARTFIG00234-europeennes-gaspard-delanoe-candidat-pour-l-integration-du-maroc-et-de-la-turquie.php\">\u00ab\u00a0Gaspard Delano\u00eb candidat pour l&rsquo;int\u00e9gration du Maroc et de la Turquie\u00a0\u00bb<\/a> (12 Mai 2014)<\/span><\/p>\n<p>Yabiladi :\u00a0<a href=\"http:\/\/www.yabiladi.com\/articles\/details\/25620\/elections-europeennes-liste-insolite-faveur.html\">Une liste insolite en faveur de l&rsquo;adh\u00e9sion du Maroc \u00e0 l&rsquo;UE<\/a>\u00a0(12 Mai 2014)<\/p>\n<p><a href=\"http:\/\/www.huffingtonpost.fr\/2014\/05\/11\/europeennes-2014-dix-listes-les-plus-incroyables_n_5293599.html?utm_hp_ref=france\">le PFT en t\u00eate <\/a>selon\u00a0le Huffington Post !(11 Mai 2014)<\/p>\n<p>20 minutes :\u00a0<a href=\"http:\/\/www.20minutes.fr\/monde\/1372165-europeennes-2014-pourquoi-tant-de-listes-des-petits-partis\">Pourquoi tant de listes des petits partis ?<\/a>\u00a0(14 mai 2014)<\/p>\n<p>Metronews :\u00a0<a href=\"http:\/\/www.metronews.fr\/info\/elections-europeennes-le-palmares-des-listes-les-plus-originales\/mneg!bXaHtl6XIyJwQ\/\">le palmar\u00e8s des listes les plus originales<\/a>\u00a0(7 Mai 2014)<\/p>\n<p>Europe 1 : <a href=\"http:\/\/www.europe1.fr\/Politique\/Europeennes-mais-qui-sont-ces-partis-2113497\/\">Europ\u00e9ennes, mais qui sont ces partis<\/a> ? (6 Mai 2014)<\/p>\n<p>Sur Canal+ dans La Nouvelle Edition du 9 Mai 2014 (chronique de Nicolas Domenach \u00e0 5&rsquo;18\u00a0\u00bb) :<\/p>\n<div><iframe loading=\"lazy\" src=\"http:\/\/player.canalplus.fr\/embed\/?param=cplus&amp;vid=1067401\" width=\"480\" height=\"270\" frameborder=\"0\" scrolling=\"no\"><\/iframe><\/div>\n<p>[Retrouvez-nous \u00e9galement sur Facebook !]<br \/>\n<iframe loading=\"lazy\" style=\"border: none; overflow: hidden; height: 21px;\" src=\"\/\/www.facebook.com\/plugins\/like.php?href=https%3A%2F%2Fwww.facebook.com%2FPartifaireuntour&amp;width&amp;layout=button_count&amp;action=like&amp;show_faces=true&amp;share=true&amp;height=21\" width=\"300\" height=\"150\" frameborder=\"0\" scrolling=\"no\"><\/iframe><\/p>\n<h3>Radio\/TV<\/h3>\n<p><a href=\"http:\/\/www.franceculture.fr\/emission-sur-les-docks-apres-le-second-tour-24-%C2%AB-poetiquement-incorrect-gaspard-delanoe-%C2%BB-2014-04-01\">Apr\u00e8s le second tour (2\/4) : \u00ab Po\u00e9tiquement incorrect : Gaspard Delano\u00eb \u00bb <\/a> sur France Culture. Un documentaire de Fr\u00e9d\u00e9rique Devillez et Assia Khalid sur la campagne du PFT pour les municipales 2014.<\/p>\n<p>Gaspard Delano\u00eb \u00e9tait re\u00e7u le 24 septembre 2013 \u00a0dans \u00ab\u00a0C \u00e0 vous\u00a0\u00bb \u00e0 19h et entre 17h10 et 17h20 sur Europe1 au micro de Laurent Ruquier.<\/p>\n<h3>Presse \u00e9crite<\/h3>\n<p><a title=\"Gaspard, l'autre Delano\u00eb candidat \u00e0 Paris\" href=\"http:\/\/tempsreel.nouvelobs.com\/municipales-2008\/20071109.OBS3973\/gaspard-l-autre-delanoe-candidat-a-paris.html\" target=\"_blank\">Gaspard, l&rsquo;autre Delano\u00eb candidat \u00e0 Paris (le nouvel obs, 2008)<\/a><\/p>\n<p><a title=\"Gaspard Delano\u00eb pour le retour du sesterce (le parisien)\" href=\"http:\/\/www.leparisien.fr\/paris-75\/paris-75006\/gaspard-delanoe-pour-le-retour-du-sesterce-18-02-2009-414747.php\" target=\"_blank\">Gaspard Delano\u00eb pour le retour du sesterce (le parisien 2009)<\/a><\/p>\n<p><a href=\"http:\/\/pffft.fr\/wp3\/wp-content\/uploads\/2014\/05\/pft019.jpg\"><img loading=\"lazy\" decoding=\"async\" class=\"alignnone size-medium wp-image-97\" src=\"http:\/\/pffft.fr\/wp3\/wp-content\/uploads\/2014\/05\/pft019-218x300.jpg\" alt=\"pft019\" width=\"218\" height=\"300\" srcset=\"http:\/\/pffft.fr\/wp3\/wp-content\/uploads\/2014\/05\/pft019-218x300.jpg 218w, http:\/\/pffft.fr\/wp3\/wp-content\/uploads\/2014\/05\/pft019-744x1024.jpg 744w\" sizes=\"auto, (max-width: 218px) 100vw, 218px\" \/><\/a><\/p>\n<p><a href=\"http:\/\/pffft.fr\/wp3\/wp-content\/uploads\/2014\/05\/pft016.jpg\"><img loading=\"lazy\" decoding=\"async\" class=\"alignnone size-medium wp-image-99\" src=\"http:\/\/pffft.fr\/wp3\/wp-content\/uploads\/2014\/05\/pft016-300x291.jpg\" alt=\"pft016\" width=\"300\" height=\"291\" srcset=\"http:\/\/pffft.fr\/wp3\/wp-content\/uploads\/2014\/05\/pft016-300x291.jpg 300w, http:\/\/pffft.fr\/wp3\/wp-content\/uploads\/2014\/05\/pft016-1024x995.jpg 1024w\" sizes=\"auto, (max-width: 300px) 100vw, 300px\" \/><\/a><\/p>\n<p><a href=\"http:\/\/pffft.fr\/wp3\/wp-content\/uploads\/2014\/05\/coupuredepresse.jpg\"><img loading=\"lazy\" decoding=\"async\" class=\"alignnone size-medium wp-image-120\" src=\"http:\/\/pffft.fr\/wp3\/wp-content\/uploads\/2014\/05\/coupuredepresse-227x300.jpg\" alt=\"coupuredepresse\" width=\"227\" height=\"300\" srcset=\"http:\/\/pffft.fr\/wp3\/wp-content\/uploads\/2014\/05\/coupuredepresse-227x300.jpg 227w, http:\/\/pffft.fr\/wp3\/wp-content\/uploads\/2014\/05\/coupuredepresse-775x1024.jpg 775w\" sizes=\"auto, (max-width: 227px) 100vw, 227px\" \/><\/a><\/p>\n<p><a href=\"http:\/\/pffft.fr\/wp3\/wp-content\/uploads\/2014\/05\/171145_483355130945_6876244_o.jpg\"><img loading=\"lazy\" decoding=\"async\" class=\"alignnone size-medium wp-image-103\" src=\"http:\/\/pffft.fr\/wp3\/wp-content\/uploads\/2014\/05\/171145_483355130945_6876244_o-231x300.jpg\" alt=\"171145_483355130945_6876244_o\" width=\"231\" height=\"300\" srcset=\"http:\/\/pffft.fr\/wp3\/wp-content\/uploads\/2014\/05\/171145_483355130945_6876244_o-231x300.jpg 231w, http:\/\/pffft.fr\/wp3\/wp-content\/uploads\/2014\/05\/171145_483355130945_6876244_o-789x1024.jpg 789w, http:\/\/pffft.fr\/wp3\/wp-content\/uploads\/2014\/05\/171145_483355130945_6876244_o.jpg 1272w\" sizes=\"auto, (max-width: 231px) 100vw, 231px\" \/><\/a><\/p>\n<p><a href=\"http:\/\/pffft.fr\/wp3\/wp-content\/uploads\/2014\/05\/delanoe-se-represente.jpg\"><img loading=\"lazy\" decoding=\"async\" class=\"alignnone size-medium wp-image-123\" src=\"http:\/\/pffft.fr\/wp3\/wp-content\/uploads\/2014\/05\/delanoe-se-represente-211x300.jpg\" alt=\"delanoe-se-represente\" width=\"211\" height=\"300\" srcset=\"http:\/\/pffft.fr\/wp3\/wp-content\/uploads\/2014\/05\/delanoe-se-represente-211x300.jpg 211w, http:\/\/pffft.fr\/wp3\/wp-content\/uploads\/2014\/05\/delanoe-se-represente-720x1024.jpg 720w, http:\/\/pffft.fr\/wp3\/wp-content\/uploads\/2014\/05\/delanoe-se-represente.jpg 1126w\" sizes=\"auto, (max-width: 211px) 100vw, 211px\" \/><\/a><\/p>\n","protected":false},"excerpt":{"rendered":"<p>Pr\u00e9sidentielles\/L\u00e9gislatives 2017 Paris : l\u2019artiste et agitateur Gaspard Delano\u00eb d\u00e9fie Cambad\u00e9lis aux l\u00e9gislatives (15 mars 2017) Europ\u00e9ennes 2014 Le Point : Europ\u00e9ennes, un jour une liste.\u00a0(17 Mai 2014) Revue Tryangle : \u00ab MON PARTI EST LE PFT, LE PARTI FAIRE UN TOUR ! \u00bb Le Figaro : \u00ab\u00a0Gaspard Delano\u00eb candidat pour l&rsquo;int\u00e9gration du Maroc et &hellip; <a href=\"http:\/\/pffft.fr\/wp3\/revue-de-presse\/\" class=\"more-link\">Continuer la lecture de <span class=\"screen-reader-text\">Revue de presse<\/span> <span class=\"meta-nav\">&rarr;<\/span><\/a><\/p>\n","protected":false},"author":1,"featured_media":0,"parent":0,"menu_order":6,"comment_status":"open","ping_status":"open","template":"","meta":{"footnotes":""},"class_list":["post-96","page","type-page","status-publish","hentry"],"_links":{"self":[{"href":"http:\/\/pffft.fr\/wp3\/wp-json\/wp\/v2\/pages\/96","targetHints":{"allow":["GET"]}}],"collection":[{"href":"http:\/\/pffft.fr\/wp3\/wp-json\/wp\/v2\/pages"}],"about":[{"href":"http:\/\/pffft.fr\/wp3\/wp-json\/wp\/v2\/types\/page"}],"author":[{"embeddable":true,"href":"http:\/\/pffft.fr\/wp3\/wp-json\/wp\/v2\/users\/1"}],"replies":[{"embeddable":true,"href":"http:\/\/pffft.fr\/wp3\/wp-json\/wp\/v2\/comments?post=96"}],"version-history":[{"count":32,"href":"http:\/\/pffft.fr\/wp3\/wp-json\/wp\/v2\/pages\/96\/revisions"}],"predecessor-version":[{"id":327,"href":"http:\/\/pffft.fr\/wp3\/wp-json\/wp\/v2\/pages\/96\/revisions\/327"}],"wp:attachment":[{"href":"http:\/\/pffft.fr\/wp3\/wp-json\/wp\/v2\/media?parent=96"}],"curies":[{"name":"wp","href":"https:\/\/api.w.org\/{rel}","templated":true}]}}